{"id":2441,"date":"2020-04-11T19:59:10","date_gmt":"2020-04-11T17:59:10","guid":{"rendered":"https:\/\/myscalelab.com\/?page_id=2441"},"modified":"2020-04-11T20:22:26","modified_gmt":"2020-04-11T18:22:26","slug":"manifest","status":"publish","type":"page","link":"https:\/\/myscalelab.com\/index.php\/manifest\/","title":{"rendered":"Manifeste"},"content":{"rendered":"[vc_row full_width=&#8221;stretch_row&#8221; css=&#8221;.vc_custom_1543391413648{margin-top: -40px !important;background-position: center !important;background-repeat: no-repeat !important;background-size: contain !important;}&#8221; add_extended=&#8221;true&#8221; values=&#8221;%5B%7B%22extended_animation%22%3A%22hexagons%22%2C%22figure_color%22%3A%22%23ffffff%22%2C%22drop_colors%22%3A%22one_color%22%2C%22part_color%22%3A%22%23f4f6fd%22%2C%22part_color_1%22%3A%22%23ff7e00%22%2C%22part_color_2%22%3A%22%233224e9%22%2C%22part_color_3%22%3A%22%2369e9f2%22%2C%22extended_animation_pos_vertical%22%3A%2250%22%2C%22extended_animation_pos_horizont%22%3A%2250%22%2C%22sphere_width%22%3A%22100%22%2C%22particles_number%22%3A%223%22%2C%22particles_size%22%3A%22110%22%2C%22particles_speed%22%3A%222%22%2C%22hover_anim%22%3A%22none%22%2C%22parallax_dir%22%3A%22vertical%22%2C%22parallax_factor%22%3A%220.3%22%2C%22particles_position_top%22%3A%220%22%2C%22particles_position_left%22%3A%220%22%2C%22particles_width%22%3A%22100%22%2C%22particles_height%22%3A%22100%22%7D%5D&#8221;][vc_column][vc_row_inner][vc_column_inner width=&#8221;5\/6&#8243; offset=&#8221;vc_col-lg-offset-3 vc_col-lg-6 vc_col-md-offset-2 vc_col-md-8 vc_col-sm-offset-1&#8243;][wgl_spacing spacer_size=&#8221;55&#8243;][wgl_image_layers values=&#8221;%5B%7B%22thumbnail%22%3A%221077%22%2C%22left_offset%22%3A%2210%22%2C%22image_animation%22%3A%22zoom_in%22%2C%22image_order%22%3A%222%22%7D%2C%7B%22thumbnail%22%3A%221078%22%2C%22left_offset%22%3A%220%22%2C%22image_animation%22%3A%22slide_right%22%2C%22image_order%22%3A%221%22%7D%2C%7B%22thumbnail%22%3A%221079%22%2C%22image_animation%22%3A%22slide_left%22%2C%22image_order%22%3A%221%22%7D%2C%7B%22thumbnail%22%3A%221083%22%2C%22image_animation%22%3A%22fade_in%22%2C%22image_order%22%3A%222%22%7D%2C%7B%22thumbnail%22%3A%221081%22%2C%22image_animation%22%3A%22slide_big_up%22%2C%22image_order%22%3A%223%22%7D%5D&#8221;][wgl_spacing spacer_size=&#8221;90&#8243;][\/vc_column_inner][\/vc_row_inner][vc_row_inner][vc_column_inner offset=&#8221;vc_col-lg-offset-2 vc_col-lg-8 vc_col-md-offset-1 vc_col-md-10&#8243;][wgl_double_headings align=&#8221;center&#8221; title_color=&#8221;#252525&#8243; subtitle_color=&#8221;#ff7d00&#8243; title=&#8221;Le manifeste SCALE&#8221; responsive_font=&#8221;true&#8221; font_size_mobile=&#8221;33&#8243;][wgl_spacing spacer_size=&#8221;19&#8243;][wgl_custom_text font_size=&#8221;16&#8243;]\n<p style=\"text-align: justify;\">D\u00e8s la cr\u00e9ation de notre mouvement, nous avons men\u00e9 des ateliers de co-construction et d\u2019\u00e9mulation qui ont donn\u00e9 naissance au manifeste SCALE.<\/p>\n<p>&nbsp;<\/p>\n<p>Ce travail nous a men\u00e9 \u00e0 apporter de l\u2019importance :[\/wgl_custom_text][wgl_custom_text font_size=&#8221;18&#8243;]\n<blockquote>\n<p style=\"text-align: center;\" align=\"center\">A la satisfaction client <b>plus que<\/b> la multiplication d\u2019interm\u00e9diaires<\/p>\n<p style=\"text-align: center;\" align=\"center\">A favoriser la prise d\u2019autonomie et le passage \u00e0 l\u2019\u00e9chelle <b>plus que<\/b> la culture du contr\u00f4le<\/p>\n<p style=\"text-align: center;\" align=\"center\">A la flexibilit\u00e9 et l\u2019am\u00e9lioration continue <b>plus que <\/b>l\u2019optimisation des co\u00fbts<\/p>\n<p style=\"text-align: center;\" align=\"center\">A l\u2019innovation et l\u2019exp\u00e9rimentation <b>plus que<\/b> les it\u00e9rations longues<\/p>\n<\/blockquote>\n[\/wgl_custom_text][wgl_spacing spacer_size=&#8221;42&#8243;][wgl_spacing spacer_size=&#8221;80&#8243; screen_tablet=&#8221;768&#8243; responsive_tablet=&#8221;true&#8221; size_tablet=&#8221;55&#8243;][\/vc_column_inner][\/vc_row_inner][wgl_spacing spacer_size=&#8221;40&#8243;][\/vc_column][\/vc_row][vc_row][vc_column][wgl_double_headings title_color=&#8221;#252525&#8243; subtitle_color=&#8221;#ff7d00&#8243; title=&#8221;Nos principes&#8221; responsive_font=&#8221;true&#8221; font_size_mobile=&#8221;33&#8243;][vc_column_text]\n[\/vc_column_text][wgl_image_layers values=&#8221;%5B%7B%22thumbnail%22%3A%2210%22%2C%22image_animation%22%3A%22fade_in%22%2C%22image_order%22%3A%221%22%7D%5D&#8221;][\/vc_column][\/vc_row][vc_row][vc_column][wgl_spacing spacer_size=&#8221;13&#8243;][\/vc_column][\/vc_row][vc_row content_placement=&#8221;middle&#8221; z_index=&#8221;3&#8243;][vc_column][wgl_custom_text font_size=&#8221;18&#8243;]\n<ul>\n<li style=\"text-align: justify;\">La suppression des d\u00e9pendances applicatives contribue \u00e0 la r\u00e9duction des silos organisationnels.<\/li>\n<li style=\"text-align: justify;\">L\u2019acc\u00e8s \u00e0 la connaissance constitue un levier majeur dans le d\u00e9veloppement de l\u2019expertise.<\/li>\n<li style=\"text-align: justify;\">C\u2019est en identifiant les failles de s\u00e9curit\u00e9 que nous contribuerons \u00e0 r\u00e9duire les potentielles intrusions<\/li>\n<li style=\"text-align: justify;\">L\u2019urbanisation des SI favorise la r\u00e9utilisabilit\u00e9 des briques legacy et leur ad\u00e9quation avec les nouveaux patterns.<\/li>\n<li style=\"text-align: justify;\">L\u2019exp\u00e9rience utilisateur repr\u00e9sente un atout crucial d\u2019innovation dans la d\u00e9finition du besoin m\u00e9tier.<\/li>\n<li style=\"text-align: justify;\">C\u2019est en testant t\u00f4t et en tirant partie des erreurs que l\u2019on augmente les chances de r\u00e9ussite d\u2019un projet.<\/li>\n<li style=\"text-align: justify;\">Une bonne utilisation du Cloud est un facteur cl\u00e9 de succ\u00e8s pour ceux qui veulent d\u00e9cupler leur croissance.<\/li>\n<li style=\"text-align: justify;\">La scalabilit\u00e9 est n\u00e9 du rapprochement entre les technologies et les organisations.<\/li>\n<li style=\"text-align: justify;\">Une bonne maitrise des outils, entraine une augmentation les capacit\u00e9s d\u2019interaction et de d\u00e9ploiement.<\/li>\n<li style=\"text-align: justify;\">Le rapprochement des Dev et des Ops est fondamental pour op\u00e9rer sa conduite du changement.<\/li>\n<li style=\"text-align: justify;\">La suppression des gaspillages est une d\u00e9marche seine dans le d\u00e9veloppement d\u2019une entreprise.<\/li>\n<li style=\"text-align: justify;\">Une gestion appropri\u00e9e des donn\u00e9es permet l\u2019analyse pr\u00e9dictive et l\u2019anticipation des prises de d\u00e9cisions.<\/li>\n<\/ul>\n[\/wgl_custom_text][\/vc_column][\/vc_row][vc_row][vc_column][wgl_spacing spacer_size=&#8221;30&#8243;][\/vc_column][\/vc_row][vc_row][vc_column][vc_column_text]\n[\/vc_column_text][\/vc_column][\/vc_row][vc_row][vc_column][wgl_spacing spacer_size=&#8221;18&#8243;][vc_row_inner content_placement=&#8221;middle&#8221;][vc_column_inner offset=&#8221;vc_col-lg-12 vc_col-md-12&#8243;][wgl_double_headings title_color=&#8221;#252525&#8243; subtitle_color=&#8221;#ff7d00&#8243; title=&#8221;Nos valeurs&#8221; responsive_font=&#8221;true&#8221; font_size_mobile=&#8221;33&#8243;][wgl_spacing spacer_size=&#8221;19&#8243;][wgl_custom_text font_size=&#8221;18&#8243;]\n<p style=\"text-align: justify;\">Notre principale priorit\u00e9 est de satisfaire nos clients en livrant rapidement des solutions qui apportent de la valeur. La qualit\u00e9 de nos services repose sur une solide \u00e9tude en amont des v\u00e9ritables besoins de nos futurs clients. C\u2019est en s\u2019appuyant sur l\u2019usage effectif des utilisateurs que nous pouvons concevoir des services r\u00e9ellement utiles. Nous impliquons directement nos clients dans le processus de d\u00e9veloppement du projet. Nous effectuons r\u00e9guli\u00e8rement des retours d\u2019exp\u00e9riences pour pourvoir am\u00e9liorer nos m\u00e9thodes et viser l\u2019excellence. Nous avons fait le choix de ne pas multiplier les partenaires pour pouvoir nous concentrer sur le plus important : le besoin client et le projet candidat.<\/p>\n<p style=\"text-align: justify;\"><b>\u00a0<\/b><\/p>\n<p style=\"text-align: justify;\">Notre expertise, c\u2019est la scalabilit\u00e9. Et elle le restera pour toujours. Nos clients nous contactent pour notre sp\u00e9cialisation parce qu\u2019ils connaissent notre plus-value sur le march\u00e9. Automatiser leur scalabilit\u00e9, contr\u00f4ler continuellement la bonne mise en route des projets et travailler sur la qualit\u00e9 de nos services sont nos priorit\u00e9s. Gr\u00e2ce \u00e0 la strat\u00e9gie \u00ab Go to SCALE \u00bb qui optimise les organisations, la strat\u00e9gie et la culture d\u2019entreprise, nos clients font confiance \u00e0 SCALE pour leurs probl\u00e9matiques de scalabilit\u00e9 plut\u00f4t qu\u2019\u00e0 des entreprises g\u00e9n\u00e9ralistes.<\/p>\n<p style=\"text-align: justify;\"><b>\u00a0<\/b><\/p>\n<p style=\"text-align: justify;\">Le Cloud est omnipr\u00e9sent dans notre soci\u00e9t\u00e9 depuis plusieurs ann\u00e9es. \u00c0 travers ce manifeste, c\u2019est notre vision du cloud que nous d\u00e9fendons. Chez SCALE, nous soutenons un Cloud ouvert (\u00ab Open Cloud \u00bb) qui suit les concepts de flexibilit\u00e9, de vitesse d\u2019ex\u00e9cution (et donc d\u2019agilit\u00e9), de choix et de capacit\u00e9 de stockage. En tant que pure player et entreprise innovante, nous sommes conscients des enjeux actuels et soutenons une d\u00e9marche \u00e9coresponsable pour notre avenir. C\u2019est pour cela, que le Cloud rentre fortement dans nos valeurs d\u2019entreprises.<\/p>\n<p style=\"text-align: justify;\">\u00c0 intervalles r\u00e9guliers, notre \u00e9quipe r\u00e9fl\u00e9chit aux fa\u00e7ons de devenir plus efficace, puis modifie son comportement et l\u2019ajuste en cons\u00e9quence. L\u2019ergonomie et l\u2019exp\u00e9rience utilisateur (UX) sont des domaines particuli\u00e8rement stimul\u00e9s par l\u2019\u00e9volution permanente des nouvelles technologies. Nous veillons \u00e0 anticiper, ma\u00eetriser et contribuer \u00e0 ces progr\u00e8s pour vous faire b\u00e9n\u00e9ficier de solutions \u00e0 la fois performantes et p\u00e9rennes. Nous voulons cr\u00e9er une relation de confiance avec nos clients et pr\u00e9server celle-ci.<\/p>\n<p style=\"text-align: justify;\">Nous contribuons \u00e0 r\u00e9pondre aux attentes de nos clients qui portent des projets ambitieux et innovants.<\/p>\n[\/wgl_custom_text][wgl_spacing spacer_size=&#8221;19&#8243;][\/vc_column_inner][\/vc_row_inner][wgl_spacing spacer_size=&#8221;90&#8243; screen_tablet=&#8221;768&#8243; responsive_tablet=&#8221;true&#8221; size_tablet=&#8221;70&#8243;][\/vc_column][\/vc_row][vc_row][vc_column][wgl_spacing spacer_size=&#8221;13&#8243;][\/vc_column][\/vc_row][vc_row][vc_column][vc_column_text]\n[\/vc_column_text][\/vc_column][\/vc_row]\n","protected":false},"excerpt":{"rendered":"<p>[vc_row full_width=&#8221;stretch_row&#8221; css=&#8221;.vc_custom_1543391413648{margin-top: -40px !important;background-position: center !important;background-repeat: no-repeat !important;background-size: contain !important;}&#8221; add_extended=&#8221;true&#8221; values=&#8221;%5B%7B%22extended_animation%22%3A%22hexagons%22%2C%22figure_color%22%3A%22%23ffffff%22%2C%22drop_colors%22%3A%22one_color%22%2C%22part_color%22%3A%22%23f4f6fd%22%2C%22part_color_1%22%3A%22%23ff7e00%22%2C%22part_color_2%22%3A%22%233224e9%22%2C%22part_color_3%22%3A%22%2369e9f2%22%2C%22extended_animation_pos_vertical%22%3A%2250%22%2C%22extended_animation_pos_horizont%22%3A%2250%22%2C%22sphere_width%22%3A%22100%22%2C%22particles_number%22%3A%223%22%2C%22particles_size%22%3A%22110%22%2C%22particles_speed%22%3A%222%22%2C%22hover_anim%22%3A%22none%22%2C%22parallax_dir%22%3A%22vertical%22%2C%22parallax_factor%22%3A%220.3%22%2C%22particles_position_top%22%3A%220%22%2C%22particles_position_left%22%3A%220%22%2C%22particles_width%22%3A%22100%22%2C%22particles_height%22%3A%22100%22%7D%5D&#8221;][vc_column][vc_row_inner][vc_column_inner width=&#8221;5\/6&#8243; offset=&#8221;vc_col-lg-offset-3 vc_col-lg-6 vc_col-md-offset-2 vc_col-md-8 vc_col-sm-offset-1&#8243;][wgl_spacing spacer_size=&#8221;55&#8243;][wgl_image_layers values=&#8221;%5B%7B%22thumbnail%22%3A%221077%22%2C%22left_offset%22%3A%2210%22%2C%22image_animation%22%3A%22zoom_in%22%2C%22image_order%22%3A%222%22%7D%2C%7B%22thumbnail%22%3A%221078%22%2C%22left_offset%22%3A%220%22%2C%22image_animation%22%3A%22slide_right%22%2C%22image_order%22%3A%221%22%7D%2C%7B%22thumbnail%22%3A%221079%22%2C%22image_animation%22%3A%22slide_left%22%2C%22image_order%22%3A%221%22%7D%2C%7B%22thumbnail%22%3A%221083%22%2C%22image_animation%22%3A%22fade_in%22%2C%22image_order%22%3A%222%22%7D%2C%7B%22thumbnail%22%3A%221081%22%2C%22image_animation%22%3A%22slide_big_up%22%2C%22image_order%22%3A%223%22%7D%5D&#8221;][wgl_spacing spacer_size=&#8221;90&#8243;][\/vc_column_inner][\/vc_row_inner][vc_row_inner][vc_column_inner offset=&#8221;vc_col-lg-offset-2 vc_col-lg-8 vc_col-md-offset-1 vc_col-md-10&#8243;][wgl_double_headings align=&#8221;center&#8221; title_color=&#8221;#252525&#8243; subtitle_color=&#8221;#ff7d00&#8243; title=&#8221;Le manifeste SCALE&#8221; responsive_font=&#8221;true&#8221; font_size_mobile=&#8221;33&#8243;][wgl_spacing spacer_size=&#8221;19&#8243;][wgl_custom_text font_size=&#8221;16&#8243;] D\u00e8s la cr\u00e9ation de notre mouvement, nous avons men\u00e9 des ateliers de co-construction et d\u2019\u00e9mulation qui ont donn\u00e9 naissance [&hellip;]<\/p>\n","protected":false},"author":1,"featured_media":0,"parent":0,"menu_order":0,"comment_status":"closed","ping_status":"closed","template":"","meta":{"content-type":"","footnotes":""},"class_list":["post-2441","page","type-page","status-publish","hentry"],"_links":{"self":[{"href":"https:\/\/myscalelab.com\/index.php\/wp-json\/wp\/v2\/pages\/2441","targetHints":{"allow":["GET"]}}],"collection":[{"href":"https:\/\/myscalelab.com\/index.php\/wp-json\/wp\/v2\/pages"}],"about":[{"href":"https:\/\/myscalelab.com\/index.php\/wp-json\/wp\/v2\/types\/page"}],"author":[{"embeddable":true,"href":"https:\/\/myscalelab.com\/index.php\/wp-json\/wp\/v2\/users\/1"}],"replies":[{"embeddable":true,"href":"https:\/\/myscalelab.com\/index.php\/wp-json\/wp\/v2\/comments?post=2441"}],"version-history":[{"count":6,"href":"https:\/\/myscalelab.com\/index.php\/wp-json\/wp\/v2\/pages\/2441\/revisions"}],"predecessor-version":[{"id":2447,"href":"https:\/\/myscalelab.com\/index.php\/wp-json\/wp\/v2\/pages\/2441\/revisions\/2447"}],"wp:attachment":[{"href":"https:\/\/myscalelab.com\/index.php\/wp-json\/wp\/v2\/media?parent=2441"}],"curies":[{"name":"wp","href":"https:\/\/api.w.org\/{rel}","templated":true}]}}