{"id":2665,"date":"2020-06-24T17:17:12","date_gmt":"2020-06-24T15:17:12","guid":{"rendered":"https:\/\/myscalelab.com\/?page_id=2665"},"modified":"2023-12-10T17:56:33","modified_gmt":"2023-12-10T16:56:33","slug":"scalable","status":"publish","type":"page","link":"https:\/\/myscalelab.com\/index.php\/scalable\/","title":{"rendered":"SCAL&#8217;ABLE"},"content":{"rendered":"[vc_row full_width=&#8221;stretch_row&#8221; css=&#8221;.vc_custom_1543391413648{margin-top: -40px !important;background-position: center !important;background-repeat: no-repeat !important;background-size: contain !important;}&#8221; add_extended=&#8221;true&#8221; values=&#8221;%5B%7B%22extended_animation%22%3A%22hexagons%22%2C%22figure_color%22%3A%22%23ffffff%22%2C%22drop_colors%22%3A%22one_color%22%2C%22part_color%22%3A%22%23f4f6fd%22%2C%22part_color_1%22%3A%22%23ff7e00%22%2C%22part_color_2%22%3A%22%233224e9%22%2C%22part_color_3%22%3A%22%2369e9f2%22%2C%22extended_animation_pos_vertical%22%3A%2250%22%2C%22extended_animation_pos_horizont%22%3A%2250%22%2C%22sphere_width%22%3A%22100%22%2C%22particles_number%22%3A%223%22%2C%22particles_size%22%3A%22110%22%2C%22particles_speed%22%3A%222%22%2C%22hover_anim%22%3A%22none%22%2C%22parallax_dir%22%3A%22vertical%22%2C%22parallax_factor%22%3A%220.3%22%2C%22particles_position_top%22%3A%220%22%2C%22particles_position_left%22%3A%220%22%2C%22particles_width%22%3A%22100%22%2C%22particles_height%22%3A%22100%22%7D%5D&#8221;][vc_column][vc_row_inner][vc_column_inner width=&#8221;5\/6&#8243; offset=&#8221;vc_col-lg-offset-3 vc_col-lg-6 vc_col-md-offset-2 vc_col-md-8 vc_col-sm-offset-1&#8243;][wgl_spacing spacer_size=&#8221;30&#8243;][wgl_double_headings align=&#8221;center&#8221; title_color=&#8221;#252525&#8243; subtitle_color=&#8221;#ff7d00&#8243; title=&#8221;SCAL&#8217;ABLE, notre Serious Game pour &#8220;Ludifier votre mise \u00e0 l&#8217;\u00e9chelle&#8220;&#8221; responsive_font=&#8221;true&#8221; font_size_mobile=&#8221;33&#8243;][wgl_spacing spacer_size=&#8221;20&#8243;]<div class=\"woocommerce \"><ul class=\"wgl-products\"><li class=\"product type-product post-2682 status-publish first instock product_cat-agile product_cat-cloud product_cat-devops product_cat-event-management product_cat-learning product_cat-security has-post-thumbnail taxable shipping-taxable purchasable product-type-simple\">\n\t<div class='woo_product_image shop_media'><div class='picture'><a class='woo_post-link' href='https:\/\/myscalelab.com\/index.php\/product\/scalable\/'><img loading=\"lazy\" decoding=\"async\" width=\"540\" height=\"540\" src=\"https:\/\/myscalelab.com\/wp-content\/uploads\/2020\/06\/Scalable-Kit-du-Coach-1-540x540.jpg\" class=\"attachment-woocommerce_thumbnail size-woocommerce_thumbnail\" alt=\"\" srcset=\"https:\/\/myscalelab.com\/wp-content\/uploads\/2020\/06\/Scalable-Kit-du-Coach-1-540x540.jpg 540w, https:\/\/myscalelab.com\/wp-content\/uploads\/2020\/06\/Scalable-Kit-du-Coach-1-150x150.jpg 150w, https:\/\/myscalelab.com\/wp-content\/uploads\/2020\/06\/Scalable-Kit-du-Coach-1-440x440.jpg 440w, https:\/\/myscalelab.com\/wp-content\/uploads\/2020\/06\/Scalable-Kit-du-Coach-1-120x120.jpg 120w, https:\/\/myscalelab.com\/wp-content\/uploads\/2020\/06\/Scalable-Kit-du-Coach-1-240x240.jpg 240w\" sizes=\"auto, (max-width: 540px) 100vw, 540px\" \/><img loading=\"lazy\" decoding=\"async\" width=\"540\" height=\"540\" src=\"https:\/\/myscalelab.com\/wp-content\/uploads\/2020\/06\/Scalable-Kit-du-Coach-1-540x540.jpg\" class=\"attachment-shop_catalog size-shop_catalog\" alt=\"\" \/><\/a><\/div><\/div><h2 class=\"woocommerce-loop-product__title\"><a href=\"https:\/\/myscalelab.com\/index.php\/product\/scalable\/\" class=\"woocommerce-LoopProduct-link woocommerce-loop-product__link\">SCAL&#8217;ABLE<\/a><\/h2><\/li>\n<\/ul>\n<\/div>[wgl_spacing spacer_size=&#8221;50&#8243;][\/vc_column_inner][\/vc_row_inner][vc_row_inner][vc_column_inner offset=&#8221;vc_col-lg-offset-2 vc_col-lg-8 vc_col-md-offset-1 vc_col-md-10&#8243;][wgl_spacing spacer_size=&#8221;19&#8243;][wgl_custom_text font_size=&#8221;18&#8243;]\n<div>\n<div data-offset-key=\"26rnp-0-0\">\n<div><strong>SCAL&#8217;ABLE, <\/strong>le nouveau <span>Serious Game pour animer vos sessions de collaboration et trouver le juste \u00e9quilibre entre l&#8217;Agile, le DevOps et le Cloud. Fruit du retour d&#8217;exp\u00e9rience chez plusieurs clients et exp\u00e9riment\u00e9 en mission, ce jeu sera votre guide du Coach.<\/span><\/div>\n<\/div>\n<\/div>\n<div><\/div>\n<div><strong>Les ingr\u00e9dients de la r\u00e9ussite\u00a0<\/strong><\/div>\n<div>\n<p>SCAL&#8217;ABLE mets \u00e0 votre disposition une d\u00e9marche &#8220;cl\u00e9 en main&#8221; qui consiste \u00e0 :<\/p>\n<ol>\n<li>D\u00e9couvrir les composantes du DevOps (les familles et leurs patterns).<\/li>\n<li>Construire son une approche outill\u00e9e adapt\u00e9e \u00e0 un contexte op\u00e9rationnel.<\/li>\n<li>Mesurer et ajustez vos initiatives \u00e0 l&#8217;aide d&#8217;indicateurs pertinents<\/li>\n<\/ol>\n<p><strong>A qui est-il destin\u00e9 ?\u00a0<\/strong><\/p>\n<ol>\n<li>Les Chefs de projets, D\u00e9veloppeurs, Business Analysts et Ops qui souhaitent d\u00e9couvrir les concepts de l&#8217;agilit\u00e9 et du DevOps.<\/li>\n<li>Les Agilistes et Experts souhaitant coordonner tout un programme<\/li>\n<li>Les sponsors d\u00e9sireux de disposer d&#8217;un r\u00e9f\u00e9rentiel clair<\/li>\n<\/ol>\n<p>&nbsp;<\/p>\n<\/div>\n<div>\n<h5 class=\"public-DraftStyleDefault-block public-DraftStyleDefault-ltr\" data-offset-key=\"34oji-0-0\"><strong>Le Kit du Coach pour cadrer votre transformation :<\/strong><\/h5>\n<\/div>\n<div><img loading=\"lazy\" decoding=\"async\" class=\"alignnone size-full wp-image-2732\" src=\"https:\/\/myscalelab.com\/wp-content\/uploads\/2020\/07\/SCALABLE-Transformation-Model-1.png\" alt=\"\" width=\"3203\" height=\"2071\" srcset=\"https:\/\/myscalelab.com\/wp-content\/uploads\/2020\/07\/SCALABLE-Transformation-Model-1.png 3203w, https:\/\/myscalelab.com\/wp-content\/uploads\/2020\/07\/SCALABLE-Transformation-Model-1-300x194.png 300w, https:\/\/myscalelab.com\/wp-content\/uploads\/2020\/07\/SCALABLE-Transformation-Model-1-768x497.png 768w, https:\/\/myscalelab.com\/wp-content\/uploads\/2020\/07\/SCALABLE-Transformation-Model-1-1024x662.png 1024w, https:\/\/myscalelab.com\/wp-content\/uploads\/2020\/07\/SCALABLE-Transformation-Model-1-100x65.png 100w, https:\/\/myscalelab.com\/wp-content\/uploads\/2020\/07\/SCALABLE-Transformation-Model-1-1080x698.png 1080w\" sizes=\"auto, (max-width: 3203px) 100vw, 3203px\" \/><\/div>\n<div><\/div>\n[\/wgl_custom_text][wgl_custom_text font_size=&#8221;18&#8243;]\n<div>\n<div style=\"text-align: justify;\" data-offset-key=\"26rnp-0-0\"><\/div>\n<p style=\"text-align: justify;\">\n<\/div>\n<div style=\"text-align: justify;\"><\/div>\n<div style=\"text-align: justify;\"><\/div>\n<div style=\"text-align: justify;\"><strong style=\"color: #232323; font-family: 'Nunito Sans'; font-size: 20px;\">Le projet en quelques mots :<\/strong><\/div>\n<div style=\"text-align: justify;\">\n<div class=\"public-DraftStyleDefault-block public-DraftStyleDefault-ltr\" data-offset-key=\"26rnp-0-0\"><span data-offset-key=\"26rnp-0-1\">Vous cherchez \u00e0 coacher des \u00e9quipes afin de les aider \u00e0 appr\u00e9hender les concepts technologiques du DevOps &amp; Cloud en vous donnant la trajectoire pour y arriver en toute simplicit\u00e9. Nous avons d\u00e9velopp\u00e9 un jeu qui va ravir vos ateliers de travail.<\/span><\/div>\n<p>&nbsp;<\/p>\n<h5 data-offset-key=\"5ahf-0-0\"><\/h5>\n<h5 class=\"public-DraftStyleDefault-block public-DraftStyleDefault-ltr\" data-offset-key=\"5ahf-0-0\"><strong>Les origines du projet <\/strong><\/h5>\n<div class=\"public-DraftStyleDefault-block public-DraftStyleDefault-ltr\" data-offset-key=\"4vej6-0-0\"><span data-offset-key=\"4vej6-0-1\">La volont\u00e9 de fournir des solutions de coaching cl\u00e9 en main a fait na\u00eetre le projet &#8220;SCAL&#8217;ABLE&#8221; pour rendre possible l&#8217;accompagnement DevOps et Cloud de nos clients et contributeurs.\u00a0<\/span><\/div>\n<div class=\"public-DraftStyleDefault-block public-DraftStyleDefault-ltr\" data-offset-key=\"4vej6-0-0\"><span data-offset-key=\"4vej6-0-1\">Les technologies informatiques \u00e9voluent et notre approche consiste \u00e0 rendre accessible les concepts nouveaux tout en acc\u00e9l\u00e9rant votre ma\u00eetrise des r\u00e9f\u00e9rentiels et pratiques.<\/span><\/div>\n<div class=\"public-DraftStyleDefault-block public-DraftStyleDefault-ltr\" data-offset-key=\"efr7b-0-0\"><span data-offset-key=\"efr7b-0-0\">Ce projet est n\u00e9 du constat que la plupart des entreprises quelque soit leur taille cherchent \u00e0 industrialiser leurs d\u00e9veloppements. Bien souvent, leurs choix sont fait au d\u00e9pens de la dette technique et sans tirer partie des leviers technologiques et organisationnels.<\/span><\/div>\n<p>&nbsp;<\/p>\n<h5 class=\"public-DraftStyleDefault-block public-DraftStyleDefault-ltr\" data-offset-key=\"34oji-0-0\"><strong>En Bref<\/strong><\/h5>\n<p>Ce Serious Game se tourne vers tous ceux qui souhaitent en savoir plus sur le DevOps et aussi les plus aguerris qui souhaitent utiliser le kit du coach comme vecteur de communication aupr\u00e8s de leurs clients. Le tout est dot\u00e9 d&#8217;une m\u00e9canique de jeu &#8220;collaborative&#8221; qui apporte de la &#8220;coh\u00e9sion&#8221; tout au long du jeu en utilisant le consensus pour faciliter les prises de d\u00e9cisions.<\/p>\n<p>&nbsp;<\/p>\n<h5 class=\"public-DraftStyleDefault-block public-DraftStyleDefault-ltr\" data-offset-key=\"34oji-0-0\"><strong>Grace \u00e0 ce Serious Game, vous pourrez<\/strong><\/h5>\n<div class=\"public-DraftStyleDefault-block public-DraftStyleDefault-ltr\" data-offset-key=\"ccutr-0-0\">\n<ul>\n<li>Accompagner le m\u00e9tier dans la consolidation de son approche produit<\/li>\n<li>Rapprocher les \u00e9quipes de d\u00e9veloppement et de production<\/li>\n<li>Cr\u00e9er un consensus en \u00ab\u00a0Ludifiant\u00a0\u00bb votre mise \u00e0 l\u2019\u00e9chelle<\/li>\n<li>Optimiser la construction de votre cha\u00eene logicielle<\/li>\n<li>Conna\u00eetre la maturit\u00e9 de vos \u00e9quipes et leur donner une trajectoire<\/li>\n<li>Faciliter l\u2019animation des instances Agiles &amp; Lean<\/li>\n<li>Trouver un bon \u00e9quilibre entre acculturation et excellence op\u00e9rationnelle<\/li>\n<li>Adapter votre delivery \u00e0 vos enjeux terrain<\/li>\n<li>D\u00e9velopper une posture de Coach en toutes situations<\/li>\n<\/ul>\n<\/div>\n<\/div>\n<div style=\"text-align: justify;\"><\/div>\n<div style=\"text-align: justify;\">Pour recevoir un coffret en avant premi\u00e8re, n&#8217;attendez plus, achetez le.<\/div>\n[\/wgl_custom_text][wgl_spacing spacer_size=&#8221;42&#8243;][\/vc_column_inner][\/vc_row_inner][wgl_spacing spacer_size=&#8221;40&#8243;][\/vc_column][\/vc_row]\n","protected":false},"excerpt":{"rendered":"<p>[vc_row full_width=&#8221;stretch_row&#8221; css=&#8221;.vc_custom_1543391413648{margin-top: -40px !important;background-position: center !important;background-repeat: no-repeat !important;background-size: contain !important;}&#8221; add_extended=&#8221;true&#8221; values=&#8221;%5B%7B%22extended_animation%22%3A%22hexagons%22%2C%22figure_color%22%3A%22%23ffffff%22%2C%22drop_colors%22%3A%22one_color%22%2C%22part_color%22%3A%22%23f4f6fd%22%2C%22part_color_1%22%3A%22%23ff7e00%22%2C%22part_color_2%22%3A%22%233224e9%22%2C%22part_color_3%22%3A%22%2369e9f2%22%2C%22extended_animation_pos_vertical%22%3A%2250%22%2C%22extended_animation_pos_horizont%22%3A%2250%22%2C%22sphere_width%22%3A%22100%22%2C%22particles_number%22%3A%223%22%2C%22particles_size%22%3A%22110%22%2C%22particles_speed%22%3A%222%22%2C%22hover_anim%22%3A%22none%22%2C%22parallax_dir%22%3A%22vertical%22%2C%22parallax_factor%22%3A%220.3%22%2C%22particles_position_top%22%3A%220%22%2C%22particles_position_left%22%3A%220%22%2C%22particles_width%22%3A%22100%22%2C%22particles_height%22%3A%22100%22%7D%5D&#8221;][vc_column][vc_row_inner][vc_column_inner width=&#8221;5\/6&#8243; offset=&#8221;vc_col-lg-offset-3 vc_col-lg-6 vc_col-md-offset-2 vc_col-md-8 vc_col-sm-offset-1&#8243;][wgl_spacing spacer_size=&#8221;30&#8243;][wgl_double_headings align=&#8221;center&#8221; title_color=&#8221;#252525&#8243; subtitle_color=&#8221;#ff7d00&#8243; title=&#8221;SCAL&#8217;ABLE, notre Serious Game pour &#8220;Ludifier votre mise \u00e0 l&#8217;\u00e9chelle&#8220;&#8221; responsive_font=&#8221;true&#8221; font_size_mobile=&#8221;33&#8243;][wgl_spacing spacer_size=&#8221;20&#8243;][wgl_spacing spacer_size=&#8221;50&#8243;][\/vc_column_inner][\/vc_row_inner][vc_row_inner][vc_column_inner offset=&#8221;vc_col-lg-offset-2 vc_col-lg-8 vc_col-md-offset-1 vc_col-md-10&#8243;][wgl_spacing spacer_size=&#8221;19&#8243;][wgl_custom_text font_size=&#8221;18&#8243;] SCAL&#8217;ABLE, le nouveau Serious Game pour animer vos sessions de collaboration et [&hellip;]<\/p>\n","protected":false},"author":1,"featured_media":0,"parent":0,"menu_order":0,"comment_status":"closed","ping_status":"closed","template":"","meta":{"content-type":"","footnotes":""},"class_list":["post-2665","page","type-page","status-publish","hentry"],"_links":{"self":[{"href":"https:\/\/myscalelab.com\/index.php\/wp-json\/wp\/v2\/pages\/2665","targetHints":{"allow":["GET"]}}],"collection":[{"href":"https:\/\/myscalelab.com\/index.php\/wp-json\/wp\/v2\/pages"}],"about":[{"href":"https:\/\/myscalelab.com\/index.php\/wp-json\/wp\/v2\/types\/page"}],"author":[{"embeddable":true,"href":"https:\/\/myscalelab.com\/index.php\/wp-json\/wp\/v2\/users\/1"}],"replies":[{"embeddable":true,"href":"https:\/\/myscalelab.com\/index.php\/wp-json\/wp\/v2\/comments?post=2665"}],"version-history":[{"count":35,"href":"https:\/\/myscalelab.com\/index.php\/wp-json\/wp\/v2\/pages\/2665\/revisions"}],"predecessor-version":[{"id":3021,"href":"https:\/\/myscalelab.com\/index.php\/wp-json\/wp\/v2\/pages\/2665\/revisions\/3021"}],"wp:attachment":[{"href":"https:\/\/myscalelab.com\/index.php\/wp-json\/wp\/v2\/media?parent=2665"}],"curies":[{"name":"wp","href":"https:\/\/api.w.org\/{rel}","templated":true}]}}