{"id":2850,"date":"2022-01-05T16:25:17","date_gmt":"2022-01-05T15:25:17","guid":{"rendered":"https:\/\/myscalelab.com\/?page_id=2850"},"modified":"2026-02-13T13:56:26","modified_gmt":"2026-02-13T12:56:26","slug":"collectif","status":"publish","type":"page","link":"https:\/\/myscalelab.com\/index.php\/collectif\/","title":{"rendered":"Scaly"},"content":{"rendered":"[vc_row full_width=&#8221;stretch_row&#8221; css=&#8221;.vc_custom_1543391413648{margin-top: -40px !important;background-position: center !important;background-repeat: no-repeat !important;background-size: contain !important;}&#8221; add_extended=&#8221;true&#8221; values=&#8221;%5B%7B%22extended_animation%22%3A%22hexagons%22%2C%22figure_color%22%3A%22%23ffffff%22%2C%22drop_colors%22%3A%22one_color%22%2C%22part_color%22%3A%22%23f4f6fd%22%2C%22part_color_1%22%3A%22%23ff7e00%22%2C%22part_color_2%22%3A%22%233224e9%22%2C%22part_color_3%22%3A%22%2369e9f2%22%2C%22extended_animation_pos_vertical%22%3A%2250%22%2C%22extended_animation_pos_horizont%22%3A%2250%22%2C%22sphere_width%22%3A%22100%22%2C%22particles_number%22%3A%223%22%2C%22particles_size%22%3A%22110%22%2C%22particles_speed%22%3A%222%22%2C%22hover_anim%22%3A%22none%22%2C%22parallax_dir%22%3A%22vertical%22%2C%22parallax_factor%22%3A%220.3%22%2C%22particles_position_top%22%3A%220%22%2C%22particles_position_left%22%3A%220%22%2C%22particles_width%22%3A%22100%22%2C%22particles_height%22%3A%22100%22%7D%5D&#8221;][vc_column][vc_row_inner][vc_column_inner width=&#8221;5\/6&#8243; offset=&#8221;vc_col-lg-offset-3 vc_col-lg-6 vc_col-md-offset-2 vc_col-md-8 vc_col-sm-offset-1&#8243;][wgl_spacing spacer_size=&#8221;30&#8243;][wgl_double_headings align=&#8221;center&#8221; title_color=&#8221;#252525&#8243; subtitle_color=&#8221;#ff7d00&#8243; title=&#8221;Scaly, notre acc\u00e9l\u00e9rateur d&#8217;innovation&#8221; responsive_font=&#8221;true&#8221; font_size_mobile=&#8221;33&#8243;][wgl_spacing spacer_size=&#8221;20&#8243;][vc_video link=&#8221;https:\/\/youtu.be\/nZGCwUuaEWc&#8221; css=&#8221;.vc_custom_1641397100245{background-image: url(https:\/\/myscalelab.com\/wp-content\/uploads\/2022\/01\/Scaly_Digital_au_service_du_collectif.png?id=2854) !important;}&#8221;][wgl_spacing spacer_size=&#8221;50&#8243;][\/vc_column_inner][\/vc_row_inner][vc_row_inner][vc_column_inner offset=&#8221;vc_col-lg-offset-2 vc_col-lg-8 vc_col-md-offset-1 vc_col-md-10&#8243;][wgl_spacing spacer_size=&#8221;19&#8243;][wgl_custom_text font_size=&#8221;18&#8243;]\n<div>\n<div data-offset-key=\"26rnp-0-0\">\n<div>\n<h5 class=\"public-DraftStyleDefault-block public-DraftStyleDefault-ltr\" data-offset-key=\"5ahf-0-0\"><strong>La plateforme en quelques mots\u00a0<\/strong><\/h5>\n<p><strong><a href=\"http:\/\/scaly.co\" target=\"_blank\" rel=\"noopener\">Scaly<\/a>,<\/strong>\u00a0notre plateforme d&#8217;incubation regroupe l&#8217;ensemble des acteurs experts dans les m\u00e9tiers de demain.<\/p>\n<\/div>\n<div>Nous garantissons aux Clients, ESN et agences la gestion de leurs intercontrats tout en accompagnant la conduite du changement des experts pr\u00e9sent\u00e9es.<\/div>\n<div>Nous favorisons \u00e9galement les rencontres professionnelles \u00e0 l&#8217;aide de services pr\u00e9sentiels et distanciels. Nos solutions de Job Dating, Coaching et la s\u00e9lection des meilleurs espaces de coworking sont \u00e0 votre disposition.<\/div>\n<div><\/div>\n<div>Notre solution de gestion des salons \u00e9v\u00e9nements et conf\u00e9rences 3D est \u00e0 votre disposition sur demande.<\/div>\n<div><\/div>\n<div><\/div>\n<\/div>\n<\/div>\n<div><\/div>\n<div><\/div>\n<div><\/div>\n[\/wgl_custom_text][vc_empty_space][wgl_custom_text font_size=&#8221;18&#8243;]\n<div>\n<h5 class=\"public-DraftStyleDefault-block public-DraftStyleDefault-ltr\" data-offset-key=\"5ahf-0-0\"><strong>Comment y acc\u00e9der ?\u00a0<\/strong><\/h5>\n<\/div>\n<div style=\"text-align: justify;\"><\/div>\n<div style=\"text-align: justify;\"><\/div>\n<div><\/div>\n<blockquote>\n<div style=\"text-align: center;\">\n<div id=\"attachment_2882\" style=\"width: 209px\" class=\"wp-caption aligncenter\"><a href=\"http:\/\/scaly.co\" target=\"_blank\" rel=\"noopener\"><img loading=\"lazy\" decoding=\"async\" aria-describedby=\"caption-attachment-2882\" class=\"wp-image-2882\" src=\"https:\/\/myscalelab.com\/wp-content\/uploads\/2022\/01\/Logo_V1.png\" alt=\"\" width=\"199\" height=\"175\" srcset=\"https:\/\/myscalelab.com\/wp-content\/uploads\/2022\/01\/Logo_V1.png 501w, https:\/\/myscalelab.com\/wp-content\/uploads\/2022\/01\/Logo_V1-300x263.png 300w, https:\/\/myscalelab.com\/wp-content\/uploads\/2022\/01\/Logo_V1-100x88.png 100w\" sizes=\"auto, (max-width: 199px) 100vw, 199px\" \/><\/a><p id=\"caption-attachment-2882\" class=\"wp-caption-text\">La plateforme : <a href=\"http:\/\/scaly.co\" target=\"_blank\" rel=\"noopener\">http:\/\/scaly.co<\/a><\/p><\/div>\n<\/div>\n<\/blockquote>\n[\/wgl_custom_text][wgl_custom_text font_size=&#8221;18&#8243;]\n<div>\n<div data-offset-key=\"26rnp-0-0\">\n<div><\/div>\n<div><\/div>\n<\/div>\n<\/div>\n<div>\n<h5 class=\"public-DraftStyleDefault-block public-DraftStyleDefault-ltr\" data-offset-key=\"5ahf-0-0\"><strong>A qui est destin\u00e9 <a href=\"http:\/\/scaly.co\" target=\"_blank\" rel=\"noopener\">Scaly<\/a> ?<\/strong><\/h5>\n<ol>\n<li>Les clients qui recherchent la perle rare pour une embauche ou un consultant expert<\/li>\n<li>Les ESN et agences qui souhaitent attirer les meilleurs experts<\/li>\n<li>Les freelances et contributeurs qui souhaitent un soutient dans leur recherche d&#8217;opportunit\u00e9<\/li>\n<li>Les coachs et auteurs d\u00e9sireux de transmettre leurs comp\u00e9tences<\/li>\n<li>Les apprenants qui souhaitent d\u00e9couvrir de nouveaux domaines d&#8217;expertise<\/li>\n<li>Les marchands qui souhaitent vendre leurs produits (NFT, Formations, Casques VR etc).<\/li>\n<li>Les collectionneurs et apprenants qui souhaitent acheter des produits (Formations, Mat\u00e9riels, etc).<\/li>\n<\/ol>\n<\/div>\n<h5 class=\"public-DraftStyleDefault-block public-DraftStyleDefault-ltr\" data-offset-key=\"34oji-0-0\"><\/h5>\n<div><\/div>\n[\/wgl_custom_text][wgl_custom_text font_size=&#8221;18&#8243;]\n<div>\n<div style=\"text-align: justify;\" data-offset-key=\"26rnp-0-0\"><\/div>\n<p style=\"text-align: justify;\">\n<\/div>\n<div style=\"text-align: justify;\"><\/div>\n<div style=\"text-align: justify;\"><\/div>\n<div style=\"text-align: justify;\"><strong style=\"color: #232323; font-family: 'Nunito Sans'; font-size: 20px;\">Les origines du projet\u00a0<\/strong><\/div>\n<div style=\"text-align: justify;\">\n<div class=\"public-DraftStyleDefault-block public-DraftStyleDefault-ltr\" data-offset-key=\"26rnp-0-0\"><span data-offset-key=\"26rnp-0-1\">Fini les recherches interminables du mouton \u00e0 5 pattes. <a href=\"http:\/\/scaly.co\" target=\"_blank\" rel=\"noopener\"><strong>Scaly<\/strong> <\/a>vous fourni les outils pour d\u00e9poser vos opportunit\u00e9s de missions et de projets en quelques clics. Vous pouvez \u00e9galement rencontrer vos candidats, signer vos contrats, g\u00e9rer vos factures et organiser des ateliers de travails distanciels et pr\u00e9sentiels. Vous pouvez vendre vos produits et garder la propri\u00e9t\u00e9 de vos contenus. Un v\u00e9ritable espace de coworking qui lie le distanciel et vous donner acc\u00e8s aux espaces de coworking.\u00a0<\/span><\/div>\n<p>&nbsp;<\/p>\n<h5 data-offset-key=\"5ahf-0-0\"><\/h5>\n<\/div>\n[\/wgl_custom_text][vc_single_image image=&#8221;2853&#8243; img_size=&#8221;full&#8221; onclick=&#8221;custom_link&#8221; link=&#8221;http:\/\/scaly.co&#8221;][vc_empty_space height=&#8221;40px&#8221;][wgl_custom_text font_size=&#8221;18&#8243;]\n<div>\n<div style=\"text-align: justify;\" data-offset-key=\"26rnp-0-0\"><\/div>\n<p style=\"text-align: justify;\">\n<\/div>\n<div style=\"text-align: justify;\">\n<div class=\"public-DraftStyleDefault-block public-DraftStyleDefault-ltr\" data-offset-key=\"4vej6-0-0\"><span data-offset-key=\"4vej6-0-1\">La crise du Covid nous aura montr\u00e9 \u00e0 quel point d\u00e9velopper des capacit\u00e9s de r\u00e9silience est important. A travers <a href=\"http:\/\/scaly.co\" target=\"_blank\" rel=\"noopener\">Scaly<\/a>, vous d\u00e9l\u00e9guez la gestion de vos ressources depuis l&#8217;identification de vos candidats, jusqu&#8217;\u00e0 l&#8217;optimisation des comp\u00e9tences et de vos espaces de travail.\u00a0<\/span><\/div>\n<div class=\"public-DraftStyleDefault-block public-DraftStyleDefault-ltr\" data-offset-key=\"efr7b-0-0\"><span data-offset-key=\"efr7b-0-0\">Quelque soit votre localisation ou votre niveau d&#8217;expertise, vous saurez vous adapter au march\u00e9 en utilisant <a href=\"http:\/\/scaly.co\" target=\"_blank\" rel=\"noopener\"><strong>Scaly<\/strong> <\/a>comme un outils pour optimiser votre disponibilit\u00e9 et vous consacrer aux opportunit\u00e9s qui ont du sens.\u00a0<\/span><\/div>\n<p>&nbsp;<\/p>\n<h5 class=\"public-DraftStyleDefault-block public-DraftStyleDefault-ltr\" data-offset-key=\"34oji-0-0\"><strong>En Bref<\/strong><\/h5>\n<p><a href=\"http:\/\/scaly.co\" target=\"_blank\" rel=\"noopener\">Scaly<\/a> vous apporte du soutien \u00e0 chaque instant dans le d\u00e9veloppement de vos projets.\u00a0Nous garantissons un maching adapt\u00e9 des opportunit\u00e9s et produits.<\/p>\n<p>&nbsp;<\/p>\n<h5 class=\"public-DraftStyleDefault-block public-DraftStyleDefault-ltr\" data-offset-key=\"34oji-0-0\"><strong>Grace \u00e0 <a href=\"http:\/\/scaly.co\" target=\"_blank\" rel=\"noopener\">Scaly<\/a>, vous pouvez<\/strong><\/h5>\n<div class=\"public-DraftStyleDefault-block public-DraftStyleDefault-ltr\" data-offset-key=\"ccutr-0-0\">\n<ul>\n<li>D\u00e9poser vos opportunit\u00e9s de missions et projets<\/li>\n<li>G\u00e9rer vos intercontrats<\/li>\n<li>Participer \u00e0 des Job Dating<\/li>\n<li>Organiser des Coachings<\/li>\n<li>Optimiser votre emploi du temps<\/li>\n<li>Effectuer des rencontres pr\u00e9sentielles et distancielles<\/li>\n<li>Signer vos contrats et payer en ligne<\/li>\n<li>G\u00e9rer vos factures<\/li>\n<li>Former et \u00eatre form\u00e9s<\/li>\n<li>G\u00e9rer vos salons et \u00e9v\u00e9nements en 3D<\/li>\n<\/ul>\n<\/div>\n<\/div>\n[\/wgl_custom_text][wgl_spacing spacer_size=&#8221;42&#8243;][\/vc_column_inner][\/vc_row_inner][wgl_spacing spacer_size=&#8221;40&#8243;][\/vc_column][\/vc_row]\n","protected":false},"excerpt":{"rendered":"<p>[vc_row full_width=&#8221;stretch_row&#8221; css=&#8221;.vc_custom_1543391413648{margin-top: -40px !important;background-position: center !important;background-repeat: no-repeat !important;background-size: contain !important;}&#8221; add_extended=&#8221;true&#8221; values=&#8221;%5B%7B%22extended_animation%22%3A%22hexagons%22%2C%22figure_color%22%3A%22%23ffffff%22%2C%22drop_colors%22%3A%22one_color%22%2C%22part_color%22%3A%22%23f4f6fd%22%2C%22part_color_1%22%3A%22%23ff7e00%22%2C%22part_color_2%22%3A%22%233224e9%22%2C%22part_color_3%22%3A%22%2369e9f2%22%2C%22extended_animation_pos_vertical%22%3A%2250%22%2C%22extended_animation_pos_horizont%22%3A%2250%22%2C%22sphere_width%22%3A%22100%22%2C%22particles_number%22%3A%223%22%2C%22particles_size%22%3A%22110%22%2C%22particles_speed%22%3A%222%22%2C%22hover_anim%22%3A%22none%22%2C%22parallax_dir%22%3A%22vertical%22%2C%22parallax_factor%22%3A%220.3%22%2C%22particles_position_top%22%3A%220%22%2C%22particles_position_left%22%3A%220%22%2C%22particles_width%22%3A%22100%22%2C%22particles_height%22%3A%22100%22%7D%5D&#8221;][vc_column][vc_row_inner][vc_column_inner width=&#8221;5\/6&#8243; offset=&#8221;vc_col-lg-offset-3 vc_col-lg-6 vc_col-md-offset-2 vc_col-md-8 vc_col-sm-offset-1&#8243;][wgl_spacing spacer_size=&#8221;30&#8243;][wgl_double_headings align=&#8221;center&#8221; title_color=&#8221;#252525&#8243; subtitle_color=&#8221;#ff7d00&#8243; title=&#8221;Scaly, notre acc\u00e9l\u00e9rateur d&#8217;innovation&#8221; responsive_font=&#8221;true&#8221; font_size_mobile=&#8221;33&#8243;][wgl_spacing spacer_size=&#8221;20&#8243;][vc_video link=&#8221;https:\/\/youtu.be\/nZGCwUuaEWc&#8221; css=&#8221;.vc_custom_1641397100245{background-image: url(https:\/\/myscalelab.com\/wp-content\/uploads\/2022\/01\/Scaly_Digital_au_service_du_collectif.png?id=2854) !important;}&#8221;][wgl_spacing spacer_size=&#8221;50&#8243;][\/vc_column_inner][\/vc_row_inner][vc_row_inner][vc_column_inner offset=&#8221;vc_col-lg-offset-2 vc_col-lg-8 vc_col-md-offset-1 vc_col-md-10&#8243;][wgl_spacing spacer_size=&#8221;19&#8243;][wgl_custom_text font_size=&#8221;18&#8243;] La plateforme en quelques mots\u00a0 Scaly,\u00a0notre plateforme d&#8217;incubation regroupe l&#8217;ensemble des acteurs experts dans [&hellip;]<\/p>\n","protected":false},"author":1,"featured_media":0,"parent":0,"menu_order":0,"comment_status":"closed","ping_status":"closed","template":"","meta":{"content-type":"","footnotes":""},"class_list":["post-2850","page","type-page","status-publish","hentry"],"_links":{"self":[{"href":"https:\/\/myscalelab.com\/index.php\/wp-json\/wp\/v2\/pages\/2850","targetHints":{"allow":["GET"]}}],"collection":[{"href":"https:\/\/myscalelab.com\/index.php\/wp-json\/wp\/v2\/pages"}],"about":[{"href":"https:\/\/myscalelab.com\/index.php\/wp-json\/wp\/v2\/types\/page"}],"author":[{"embeddable":true,"href":"https:\/\/myscalelab.com\/index.php\/wp-json\/wp\/v2\/users\/1"}],"replies":[{"embeddable":true,"href":"https:\/\/myscalelab.com\/index.php\/wp-json\/wp\/v2\/comments?post=2850"}],"version-history":[{"count":22,"href":"https:\/\/myscalelab.com\/index.php\/wp-json\/wp\/v2\/pages\/2850\/revisions"}],"predecessor-version":[{"id":2894,"href":"https:\/\/myscalelab.com\/index.php\/wp-json\/wp\/v2\/pages\/2850\/revisions\/2894"}],"wp:attachment":[{"href":"https:\/\/myscalelab.com\/index.php\/wp-json\/wp\/v2\/media?parent=2850"}],"curies":[{"name":"wp","href":"https:\/\/api.w.org\/{rel}","templated":true}]}}