{"id":2865,"date":"2022-01-05T18:31:03","date_gmt":"2022-01-05T17:31:03","guid":{"rendered":"https:\/\/myscalelab.com\/?page_id=2865"},"modified":"2026-02-23T16:50:27","modified_gmt":"2026-02-23T15:50:27","slug":"product","status":"publish","type":"page","link":"https:\/\/myscalelab.com\/index.php\/product\/","title":{"rendered":"Produits"},"content":{"rendered":"[vc_row][vc_column][wgl_spacing spacer_size=&#8221;13&#8243;][\/vc_column][\/vc_row][vc_row][vc_column][vc_column_text][\/vc_column_text][\/vc_column][\/vc_row][vc_row][vc_column][wgl_double_headings title_size=&#8221;30&#8243; title_line_height=&#8221;42&#8243; title_weight=&#8221;700&#8243; title_color=&#8221;#252525&#8243; subtitle_color=&#8221;#ff7d00&#8243; title=&#8221;Nos solutions innovantes&#8221;][wgl_spacing spacer_size=&#8221;18&#8243;][wgl_custom_text font_size=&#8221;18&#8243;]\n<p style=\"text-align: left;\">Plongez dans l&#8217;avenir de l&#8217;innovation avec SCALE, o\u00f9 notre expertise exceptionnelle se traduit par une gamme de produits r\u00e9volutionnaires qui red\u00e9finissent les normes de l&#8217;industrie digitale et t\u00e9moignent de notre engagement in\u00e9branlable envers l&#8217;excellence technologique.<\/p>\n[\/wgl_custom_text][wgl_spacing spacer_size=&#8221;20px&#8221;][\/vc_column][\/vc_row][vc_row][vc_column][vc_column_text][\/vc_column_text][\/vc_column][\/vc_row][vc_row content_placement=&#8221;middle&#8221; z_index=&#8221;3&#8243;][vc_column width=&#8221;1\/2&#8243;][wgl_image_layers interval=&#8221;500&#8243; values=&#8221;%5B%7B%22thumbnail%22%3A%222987%22%2C%22image_animation%22%3A%22fade_in%22%2C%22image_order%22%3A%224%22%7D%5D&#8221; link=&#8221;url:https%3A%2F%2Fcalendly.com%2Fmyscalelab%2Frdv|title:R%C3%A9servez%20vos%20places||&#8221;][wgl_spacing spacer_size=&#8221;0&#8243; screen_tablet=&#8221;768&#8243; responsive_tablet=&#8221;true&#8221; size_tablet=&#8221;55&#8243;][\/vc_column][vc_column width=&#8221;1\/2&#8243; offset=&#8221;vc_col-lg-offset-1 vc_col-lg-5&#8243;][wgl_double_headings title_color=&#8221;#252525&#8243; subtitle_color=&#8221;#ff7d00&#8243; title=&#8221;Notre Salon 3D&#8221; responsive_font=&#8221;true&#8221; font_size_mobile=&#8221;33&#8243;][wgl_spacing spacer_size=&#8221;19&#8243;][wgl_custom_text font_size=&#8221;18&#8243;]R\u00e9servez vos places dans les meilleurs espace professionnel d\u2019organisation d\u2019\u00e9v\u00e9nements web 3.0 en b\u00e9n\u00e9ficiant d\u2019un parcours immersif hors du commun.[\/wgl_custom_text][wgl_button button_text=&#8221;Cr\u00e9ez votre \u00e9v\u00e9nement&#8221; customize=&#8221;gradient&#8221; text_color=&#8221;#ffffff&#8221; text_color_hover=&#8221;#ffffff&#8221; bg_gradient_start=&#8221;#ffc600&#8243; bg_gradient_end=&#8221;#ff4200&#8243; bg_gradient_start_hover=&#8221;#ff4200&#8243; bg_gradient_end_hover=&#8221;#ffc600&#8243; border_gradient_start=&#8221;#ffc600&#8243; border_gradient_end=&#8221;#ff4200&#8243; border_gradient_start_hover=&#8221;#ff4200&#8243; border_gradient_end_hover=&#8221;#ffc600&#8243; link=&#8221;url:https%3A%2F%2Fcalendly.com%2Fmyscalelab%2Frdv%3Fmonth%3D2022-10|title:Cr%C3%A9ez%20votre%20%C3%A9v%C3%A9nement||&#8221;][wgl_spacing spacer_size=&#8221;30&#8243;][wgl_custom_text font_size=&#8221;18&#8243;]Inscrivez vous et demandez une d\u00e9monstration sur XPOLAND :<\/p>\n<blockquote>\n<p><a href=\"http:\/\/www.xpoland.info\" target=\"_blank\" rel=\"noopener\">www.xpoland.info<\/a><\/p>\n<\/blockquote>\n[\/wgl_custom_text][\/vc_column][\/vc_row][vc_row][vc_column][wgl_spacing spacer_size=&#8221;13&#8243;][\/vc_column][\/vc_row][vc_row][vc_column][wgl_spacing spacer_size=&#8221;18&#8243;][vc_row_inner content_placement=&#8221;middle&#8221;][vc_column_inner offset=&#8221;vc_col-lg-5 vc_col-md-6&#8243;][wgl_double_headings title_color=&#8221;#252525&#8243; subtitle_color=&#8221;#ff7d00&#8243; title=&#8221;Nos Serious Games&#8221; responsive_font=&#8221;true&#8221; font_size_mobile=&#8221;33&#8243;][wgl_spacing spacer_size=&#8221;19&#8243;][wgl_custom_text font_size=&#8221;18&#8243;]\n<p style=\"text-align: justify;\">Nos coachs ont d\u00e9velopp\u00e9 des jeux d&#8217;entreprise pour vous guider sur le terrain.<\/p>\n<p>&nbsp;<\/p>\n<blockquote>\n<p style=\"text-align: justify;\">Notre kit du coach est fait pour vous<\/p>\n<\/blockquote>\n[\/wgl_custom_text][wgl_spacing spacer_size=&#8221;19&#8243;][\/vc_column_inner][vc_column_inner offset=&#8221;vc_col-lg-7 vc_col-md-6&#8243;][wgl_image_layers interval=&#8221;2000&#8243; values=&#8221;%5B%7B%22thumbnail%22%3A%222707%22%2C%22left_offset%22%3A%22-60%25%22%2C%22image_animation%22%3A%22slide_up%22%2C%22image_order%22%3A%221%22%7D%2C%7B%22thumbnail%22%3A%222658%22%2C%22left_offset%22%3A%2240%25%22%2C%22image_animation%22%3A%22slide_big_down%22%2C%22image_order%22%3A%222%22%7D%5D&#8221; link=&#8221;url:https%3A%2F%2Fmyscalelab.com%2Findex.php%2Fscalable%2F|title:Kit%20du%20coach|target:%20_blank|&#8221;][\/vc_column_inner][\/vc_row_inner][wgl_spacing spacer_size=&#8221;20&#8243; screen_tablet=&#8221;768&#8243; responsive_tablet=&#8221;true&#8221; size_tablet=&#8221;70&#8243;][\/vc_column][\/vc_row][vc_row][vc_column][wgl_spacing spacer_size=&#8221;13&#8243;][\/vc_column][\/vc_row][vc_row content_placement=&#8221;middle&#8221; z_index=&#8221;3&#8243;][vc_column width=&#8221;1\/2&#8243;][wgl_image_layers interval=&#8221;500&#8243; values=&#8221;%5B%7B%22thumbnail%22%3A%222854%22%2C%22image_animation%22%3A%22fade_in%22%2C%22image_order%22%3A%224%22%7D%5D&#8221; link=&#8221;url:https%3A%2F%2Fmyscalelab.com%2Findex.php%2Fcollectif%2F|title:Pour%20en%20savoir%20plus||&#8221;][wgl_spacing spacer_size=&#8221;0&#8243; screen_tablet=&#8221;768&#8243; responsive_tablet=&#8221;true&#8221; size_tablet=&#8221;55&#8243;][\/vc_column][vc_column width=&#8221;1\/2&#8243; offset=&#8221;vc_col-lg-offset-1 vc_col-lg-5&#8243;][wgl_double_headings title_color=&#8221;#252525&#8243; subtitle_color=&#8221;#ff7d00&#8243; title=&#8221;Notre Plateforme d&#8217;Incubation&#8221; responsive_font=&#8221;true&#8221; font_size_mobile=&#8221;33&#8243;][wgl_spacing spacer_size=&#8221;19&#8243;][wgl_custom_text font_size=&#8221;18&#8243;]Scaly pour allez plus loin dans l&#8217;interm\u00e9diation.<\/p>\n<p>&nbsp;<\/p>\n<blockquote>\n<p><a href=\"http:\/\/scaly.co\" target=\"_blank\" rel=\"noopener\">http:\/\/scaly.co<\/a><\/p>\n<\/blockquote>\n[\/wgl_custom_text][wgl_spacing spacer_size=&#8221;30&#8243;][wgl_custom_text font_size=&#8221;18&#8243;]Inscrivez vous et b\u00e9n\u00e9ficiez de notre \u00e9cosyst\u00e8me d&#8217;opportunit\u00e9s et de notre lab d&#8217;innovation.[\/wgl_custom_text][\/vc_column][\/vc_row][vc_row][vc_column][wgl_spacing spacer_size=&#8221;50&#8243;][\/vc_column][\/vc_row][vc_row][vc_column][wgl_double_headings title_color=&#8221;#252525&#8243; subtitle_color=&#8221;#ff7d00&#8243; title=&#8221;Nos Services Digitaux&#8221; responsive_font=&#8221;true&#8221; font_size_mobile=&#8221;33&#8243;][\/vc_column][\/vc_row][vc_row][vc_column width=&#8221;1\/4&#8243; offset=&#8221;vc_col-md-offset-0 vc_col-sm-offset-0&#8243;][wgl_info_box ib_align=&#8221;center&#8221; icon_type=&#8221;font&#8221; icon_font_type=&#8221;type_flaticon&#8221; icon_flaticon=&#8221;flaticon-key&#8221; icon_color_type=&#8221;gradient&#8221; ib_title=&#8221;Job Dating&#8221; add_shadow=&#8221;true&#8221; custom_icon_size=&#8221;20&#8243; custom_icon_bg_width=&#8221;30&#8243; custom_icon_bg_height=&#8221;30&#8243; custom_icon_color=&#8221;true&#8221;][\/vc_column][vc_column width=&#8221;1\/4&#8243;][wgl_info_box ib_align=&#8221;center&#8221; icon_type=&#8221;font&#8221; icon_font_type=&#8221;type_flaticon&#8221; icon_flaticon=&#8221;flaticon-ghost&#8221; icon_color_type=&#8221;gradient&#8221; ib_title=&#8221;Visio conf\u00e9rencing&#8221; add_shadow=&#8221;true&#8221; custom_icon_size=&#8221;20&#8243; custom_icon_bg_width=&#8221;15&#8243; custom_icon_bg_height=&#8221;15&#8243; custom_icon_color=&#8221;true&#8221;][\/vc_column][vc_column width=&#8221;1\/4&#8243;][wgl_info_box ib_align=&#8221;center&#8221; icon_type=&#8221;font&#8221; icon_font_type=&#8221;type_flaticon&#8221; icon_flaticon=&#8221;flaticon-gear-3&#8243; icon_color_type=&#8221;gradient&#8221; ib_title=&#8221;Matching&#8221; add_shadow=&#8221;true&#8221; custom_icon_size=&#8221;20&#8243; custom_icon_bg_width=&#8221;15&#8243; custom_icon_bg_height=&#8221;15&#8243; custom_icon_color=&#8221;true&#8221;][\/vc_column][vc_column width=&#8221;1\/4&#8243;][wgl_info_box ib_align=&#8221;center&#8221; icon_type=&#8221;font&#8221; icon_font_type=&#8221;type_flaticon&#8221; icon_flaticon=&#8221;flaticon-settings&#8221; icon_color_type=&#8221;gradient&#8221; ib_title=&#8221;Event 3D&#8221; add_shadow=&#8221;true&#8221; custom_icon_size=&#8221;20&#8243; custom_icon_bg_width=&#8221;15&#8243; custom_icon_bg_height=&#8221;15&#8243; custom_icon_color=&#8221;true&#8221;][\/vc_column][\/vc_row][vc_row][vc_column width=&#8221;1\/4&#8243; offset=&#8221;vc_col-md-offset-0 vc_col-sm-offset-0&#8243;][wgl_info_box ib_align=&#8221;center&#8221; icon_type=&#8221;font&#8221; icon_font_type=&#8221;type_flaticon&#8221; icon_flaticon=&#8221;flaticon-comment&#8221; icon_color_type=&#8221;gradient&#8221; ib_title=&#8221;Serious Gaming&#8221; add_shadow=&#8221;true&#8221; custom_icon_size=&#8221;20&#8243; custom_icon_bg_width=&#8221;15&#8243; custom_icon_bg_height=&#8221;15&#8243; custom_icon_color=&#8221;true&#8221;][\/vc_column][vc_column width=&#8221;1\/4&#8243;][wgl_info_box ib_align=&#8221;center&#8221; icon_type=&#8221;font&#8221; icon_font_type=&#8221;type_flaticon&#8221; icon_flaticon=&#8221;flaticon-email&#8221; icon_color_type=&#8221;gradient&#8221; ib_title=&#8221;Augmented Reality&#8221; add_shadow=&#8221;true&#8221; custom_icon_size=&#8221;20&#8243; custom_icon_bg_width=&#8221;15&#8243; custom_icon_bg_height=&#8221;15&#8243; custom_icon_color=&#8221;true&#8221;][\/vc_column][vc_column width=&#8221;1\/4&#8243;][wgl_info_box ib_align=&#8221;center&#8221; icon_type=&#8221;font&#8221; icon_font_type=&#8221;type_flaticon&#8221; icon_flaticon=&#8221;flaticon-skills&#8221; icon_color_type=&#8221;gradient&#8221; ib_title=&#8221;Geolocalisation&#8221; add_shadow=&#8221;true&#8221; custom_icon_size=&#8221;20&#8243; custom_icon_bg_width=&#8221;15&#8243; custom_icon_bg_height=&#8221;15&#8243; custom_icon_color=&#8221;true&#8221;][\/vc_column][vc_column width=&#8221;1\/4&#8243;][wgl_info_box ib_align=&#8221;center&#8221; icon_type=&#8221;font&#8221; icon_font_type=&#8221;type_flaticon&#8221; icon_flaticon=&#8221;flaticon-close-1&#8243; icon_color_type=&#8221;gradient&#8221; ib_title=&#8221;Agenda&#8221; add_shadow=&#8221;true&#8221; custom_icon_size=&#8221;20&#8243; custom_icon_bg_width=&#8221;15&#8243; custom_icon_bg_height=&#8221;15&#8243; custom_icon_color=&#8221;true&#8221;][\/vc_column][\/vc_row][vc_row][vc_column][wgl_spacing spacer_size=&#8221;40&#8243; responsive_mobile=&#8221;true&#8221; size_mobile=&#8221;50&#8243;][\/vc_column][\/vc_row]\n","protected":false},"excerpt":{"rendered":"<p>[vc_row][vc_column][wgl_spacing spacer_size=&#8221;13&#8243;][\/vc_column][\/vc_row][vc_row][vc_column][vc_column_text][\/vc_column_text][\/vc_column][\/vc_row][vc_row][vc_column][wgl_double_headings title_size=&#8221;30&#8243; title_line_height=&#8221;42&#8243; title_weight=&#8221;700&#8243; title_color=&#8221;#252525&#8243; subtitle_color=&#8221;#ff7d00&#8243; title=&#8221;Nos solutions innovantes&#8221;][wgl_spacing spacer_size=&#8221;18&#8243;][wgl_custom_text font_size=&#8221;18&#8243;] Plongez dans l&#8217;avenir de l&#8217;innovation avec SCALE, o\u00f9 notre expertise exceptionnelle se traduit par une gamme de produits r\u00e9volutionnaires qui red\u00e9finissent les normes de l&#8217;industrie digitale et t\u00e9moignent de notre engagement in\u00e9branlable envers l&#8217;excellence technologique. [\/wgl_custom_text][wgl_spacing spacer_size=&#8221;20px&#8221;][\/vc_column][\/vc_row][vc_row][vc_column][vc_column_text][\/vc_column_text][\/vc_column][\/vc_row][vc_row content_placement=&#8221;middle&#8221; z_index=&#8221;3&#8243;][vc_column width=&#8221;1\/2&#8243;][wgl_image_layers interval=&#8221;500&#8243; values=&#8221;%5B%7B%22thumbnail%22%3A%222987%22%2C%22image_animation%22%3A%22fade_in%22%2C%22image_order%22%3A%224%22%7D%5D&#8221; link=&#8221;url:https%3A%2F%2Fcalendly.com%2Fmyscalelab%2Frdv|title:R%C3%A9servez%20vos%20places||&#8221;][wgl_spacing [&hellip;]<\/p>\n","protected":false},"author":1,"featured_media":0,"parent":0,"menu_order":0,"comment_status":"closed","ping_status":"closed","template":"","meta":{"content-type":"","footnotes":""},"class_list":["post-2865","page","type-page","status-publish","hentry"],"_links":{"self":[{"href":"https:\/\/myscalelab.com\/index.php\/wp-json\/wp\/v2\/pages\/2865","targetHints":{"allow":["GET"]}}],"collection":[{"href":"https:\/\/myscalelab.com\/index.php\/wp-json\/wp\/v2\/pages"}],"about":[{"href":"https:\/\/myscalelab.com\/index.php\/wp-json\/wp\/v2\/types\/page"}],"author":[{"embeddable":true,"href":"https:\/\/myscalelab.com\/index.php\/wp-json\/wp\/v2\/users\/1"}],"replies":[{"embeddable":true,"href":"https:\/\/myscalelab.com\/index.php\/wp-json\/wp\/v2\/comments?post=2865"}],"version-history":[{"count":21,"href":"https:\/\/myscalelab.com\/index.php\/wp-json\/wp\/v2\/pages\/2865\/revisions"}],"predecessor-version":[{"id":3093,"href":"https:\/\/myscalelab.com\/index.php\/wp-json\/wp\/v2\/pages\/2865\/revisions\/3093"}],"wp:attachment":[{"href":"https:\/\/myscalelab.com\/index.php\/wp-json\/wp\/v2\/media?parent=2865"}],"curies":[{"name":"wp","href":"https:\/\/api.w.org\/{rel}","templated":true}]}}