{"id":450,"date":"2018-11-20T13:27:59","date_gmt":"2018-11-20T13:27:59","guid":{"rendered":"https:\/\/seofy.wgl-demo.net\/?page_id=450"},"modified":"2023-11-07T20:23:02","modified_gmt":"2023-11-07T19:23:02","slug":"contact-us","status":"publish","type":"page","link":"https:\/\/myscalelab.com\/index.php\/contact-us\/","title":{"rendered":"Contact"},"content":{"rendered":"[vc_row][vc_column width=&#8221;1\/2&#8243;][wgl_double_headings title_color=&#8221;#252525&#8243; subtitle_color=&#8221;#ff7d00&#8243; title=&#8221;Entrez en contact&#8221;][wgl_spacing spacer_size=&#8221;20px&#8221;][wgl_custom_text font_size=&#8221;18&#8243;]Quelque soit votre requ\u00eate n\u2019h\u00e9sitez pas \u00e0 revenir vers nous pour demander un devis et prendre en charge votre projet. La demande sera trait\u00e9e dans les meilleurs d\u00e9lais par un membre de notre \u00e9quipe afin de vous donner un feed-back rapide .[\/wgl_custom_text][wgl_spacing spacer_size=&#8221;26&#8243;][wgl_info_box ib_layout=&#8221;left&#8221; icon_type=&#8221;font&#8221; icon_font_type=&#8221;type_flaticon&#8221; icon_flaticon=&#8221;flaticon-map&#8221; icon_shadow_style=&#8221;always&#8221; icon_color_type=&#8221;gradient&#8221; icon_bg_color_hover=&#8221;#ffffff&#8221; title_size=&#8221;18&#8243; title_weight=&#8221;700&#8243; title_bot_offset=&#8221;0&#8243; content_size=&#8221;18&#8243; icon_color=&#8221;#ffffff&#8221; ib_title=&#8221;Rendez nous visite:&#8221; ib_content=&#8221;8 rue ren\u00e9 cassin 93360 neuilly plaisance&#8221; custom_icon_size=&#8221;25&#8243; custom_icon_bg_color=&#8221;true&#8221; custom_icon_color=&#8221;true&#8221; custom_icon_bg_width=&#8221;50&#8243; custom_icon_bg_height=&#8221;50&#8243; custom_icon_side_offset=&#8221;25&#8243; add_icon_shadow=&#8221;true&#8221;][wgl_spacing spacer_size=&#8221;21&#8243;][wgl_info_box ib_layout=&#8221;left&#8221; icon_type=&#8221;font&#8221; icon_font_type=&#8221;type_flaticon&#8221; icon_flaticon=&#8221;flaticon-mail&#8221; icon_shadow_style=&#8221;always&#8221; icon_color_type=&#8221;gradient&#8221; icon_color_gradient_start=&#8221;#5ad0ff&#8221; icon_color_gradient_end=&#8221;#3224e9&#8243; icon_bg_color_hover=&#8221;#ffffff&#8221; title_size=&#8221;18&#8243; title_weight=&#8221;700&#8243; title_bot_offset=&#8221;0&#8243; content_size=&#8221;18&#8243; icon_color=&#8221;#ffffff&#8221; ib_title=&#8221;Envoyez-nous un mail:&#8221; ib_content=&#8221;Charles@myscalelab.com&#8221; custom_icon_size=&#8221;25&#8243; custom_icon_bg_color=&#8221;true&#8221; custom_icon_color=&#8221;true&#8221; custom_icon_bg_width=&#8221;50&#8243; custom_icon_bg_height=&#8221;50&#8243; custom_icon_side_offset=&#8221;25&#8243; add_icon_shadow=&#8221;true&#8221;][wgl_spacing spacer_size=&#8221;21&#8243;][wgl_info_box ib_layout=&#8221;left&#8221; icon_type=&#8221;font&#8221; icon_font_type=&#8221;type_flaticon&#8221; icon_flaticon=&#8221;flaticon-phone&#8221; icon_shadow_style=&#8221;always&#8221; icon_color_type=&#8221;gradient&#8221; icon_color_gradient_start=&#8221;#8cffed&#8221; icon_color_gradient_end=&#8221;#009cff&#8221; icon_bg_color_hover=&#8221;#ffffff&#8221; title_size=&#8221;18&#8243; title_weight=&#8221;700&#8243; title_bot_offset=&#8221;0&#8243; content_size=&#8221;18&#8243; icon_color=&#8221;#ffffff&#8221; ib_title=&#8221;T\u00e9l\u00e9phonez-nous:&#8221; ib_content=&#8221;+33986496947&#8243; custom_icon_size=&#8221;25&#8243; custom_icon_bg_color=&#8221;true&#8221; custom_icon_color=&#8221;true&#8221; custom_icon_bg_width=&#8221;50&#8243; custom_icon_bg_height=&#8221;50&#8243; custom_icon_side_offset=&#8221;25&#8243; add_icon_shadow=&#8221;true&#8221;][wgl_button button_text=&#8221;Prendre Rendez-Vous&#8221; customize=&#8221;gradient&#8221; text_color=&#8221;#ffffff&#8221; text_color_hover=&#8221;#ffffff&#8221; bg_gradient_start=&#8221;#ffc600&#8243; bg_gradient_end=&#8221;#ff4200&#8243; bg_gradient_start_hover=&#8221;#ff4200&#8243; bg_gradient_end_hover=&#8221;#ffc600&#8243; border_gradient_start=&#8221;#ffc600&#8243; border_gradient_end=&#8221;#ff4200&#8243; border_gradient_start_hover=&#8221;#ff4200&#8243; border_gradient_end_hover=&#8221;#ffc600&#8243; link=&#8221;url:http%3A%2F%2Fcalendly.com%2Fmyscalelab%2Frdv||target:%20_blank|&#8221;][wgl_spacing spacer_size=&#8221;21&#8243;][\/vc_column][vc_column width=&#8221;1\/2&#8243; css=&#8221;.vc_custom_1542726949648{margin-top: 11px !important;}&#8221;][vc_column_text el_class=&#8221;box-shadow&#8221; css=&#8221;.vc_custom_1621338255877{padding-top: 30px !important;padding-right: 38px !important;padding-bottom: 5px !important;padding-left: 38px !important;border-radius: 5px !important;}&#8221;]\n<h4 style=\"margin-bottom: 30px; text-align: center;\">Entrez en contact avec nous<\/h4>\n\n<div class=\"wpcf7 no-js\" id=\"wpcf7-f2834-o1\" lang=\"en-US\" dir=\"ltr\">\n<div class=\"screen-reader-response\"><p role=\"status\" aria-live=\"polite\" aria-atomic=\"true\"><\/p> <ul><\/ul><\/div>\n<form action=\"\/index.php\/wp-json\/wp\/v2\/pages\/450#wpcf7-f2834-o1\" method=\"post\" class=\"wpcf7-form init\" aria-label=\"Contact form\" novalidate=\"novalidate\" data-status=\"init\">\n<div style=\"display: none;\">\n<input type=\"hidden\" name=\"_wpcf7\" value=\"2834\" \/>\n<input type=\"hidden\" name=\"_wpcf7_version\" value=\"5.7.4\" \/>\n<input type=\"hidden\" name=\"_wpcf7_locale\" value=\"en_US\" \/>\n<input type=\"hidden\" name=\"_wpcf7_unit_tag\" value=\"wpcf7-f2834-o1\" \/>\n<input type=\"hidden\" name=\"_wpcf7_container_post\" value=\"0\" \/>\n<input type=\"hidden\" name=\"_wpcf7_posted_data_hash\" value=\"\" \/>\n<\/div>\n<p><label> Your Name (required)<br \/>\n<span class=\"wpcf7-form-control-wrap\" data-name=\"your-name\"><input size=\"40\" class=\"wpcf7-form-control wpcf7-text wpcf7-validates-as-required\" aria-required=\"true\" aria-invalid=\"false\" value=\"\" type=\"text\" name=\"your-name\" \/><\/span> <\/label>\n<\/p>\n<p><label> Position<br \/>\n<span class=\"wpcf7-form-control-wrap\" data-name=\"your-subject\"><input size=\"40\" class=\"wpcf7-form-control wpcf7-text\" aria-invalid=\"false\" value=\"\" type=\"text\" name=\"your-subject\" \/><\/span> <\/label>\n<\/p>\n<p><label> Phone (required)<br \/>\n<span class=\"wpcf7-form-control-wrap\" data-name=\"tel-532\"><input size=\"40\" class=\"wpcf7-form-control wpcf7-text wpcf7-tel wpcf7-validates-as-required wpcf7-validates-as-tel\" aria-required=\"true\" aria-invalid=\"false\" value=\"\" type=\"tel\" name=\"tel-532\" \/><\/span><br \/>\n<\/label>\n<\/p>\n<p><label> Your Email (required)<br \/>\n<span class=\"wpcf7-form-control-wrap\" data-name=\"your-email\"><input size=\"40\" class=\"wpcf7-form-control wpcf7-text wpcf7-email wpcf7-validates-as-required wpcf7-validates-as-email\" aria-required=\"true\" aria-invalid=\"false\" value=\"\" type=\"email\" name=\"your-email\" \/><\/span> <\/label>\n<\/p>\n<p><label> Your Message (required)<br \/>\n<span class=\"wpcf7-form-control-wrap\" data-name=\"your-message\"><textarea cols=\"40\" rows=\"10\" class=\"wpcf7-form-control wpcf7-textarea wpcf7-validates-as-required\" aria-required=\"true\" aria-invalid=\"false\" name=\"your-message\"><\/textarea><\/span> <\/label>\n<\/p>\n<p><input type=\"hidden\" name=\"_wpcf7_captcha_challenge_captcha-1\" value=\"2963572191\" \/><img loading=\"lazy\" decoding=\"async\" class=\"wpcf7-form-control wpcf7-captchac wpcf7-captcha-captcha-1\" width=\"72\" height=\"24\" alt=\"captcha\" src=\"https:\/\/myscalelab.com\/wp-content\/uploads\/wpcf7_captcha\/2963572191.png\" \/><span class=\"wpcf7-form-control-wrap\" data-name=\"captcha-1\"><input size=\"40\" class=\"wpcf7-form-control wpcf7-captchar\" autocomplete=\"off\" aria-invalid=\"false\" value=\"\" type=\"text\" name=\"captcha-1\" \/><\/span>\n<\/p>\n<p><input class=\"wpcf7-form-control has-spinner wpcf7-submit\" type=\"submit\" value=\"Submit\" \/>\n<\/p><div class=\"wpcf7-response-output\" aria-hidden=\"true\"><\/div>\n<\/form>\n<\/div>\n[\/vc_column_text][\/vc_column][\/vc_row][vc_row full_width=&#8221;stretch_row_content&#8221;][vc_column][wgl_spacing spacer_size=&#8221;40px&#8221; responsive_desktop=&#8221;true&#8221; responsive_tablet=&#8221;true&#8221; responsive_mobile=&#8221;true&#8221;][vc_gmaps link=&#8221;#E-8_JTNDaWZyYW1lJTIwc3JjJTNEJTIyaHR0cHMlM0ElMkYlMkZ3d3cuZ29vZ2xlLmNvbSUyRm1hcHMlMkZlbWJlZCUzRnBiJTNEJTIxMW0xOCUyMTFtMTIlMjExbTMlMjExZDI2MjUuMjcxMjU2ODcxMjAwNCUyMTJkMi41MTgxMzU3MTU4NjkxODUlMjEzZDQ4Ljg1MzAzNzYwOTAzNzMlMjEybTMlMjExZjAlMjEyZjAlMjEzZjAlMjEzbTIlMjExaTEwMjQlMjEyaTc2OCUyMTRmMTMuMSUyMTNtMyUyMTFtMiUyMTFzMHg0N2U2MTI3NThkYTg3YmI5JTI1M0EweGU2OTFjZDFjMTEwNGJjNiUyMTJzMiUyNTIwUnVlJTI1MjBBbGFpbiUyNTIwUGV5cmVmaXR0ZSUyNTJDJTI1MjA5MzM2MCUyNTIwTmV1aWxseS1QbGFpc2FuY2UlMjUyQyUyNTIwRnJhbmNlJTIxNWUwJTIxM20yJTIxMXNmciUyMTJzdG4lMjE0djE1Nzc3MDY4NzkwOTYlMjE1bTIlMjExc2ZyJTIxMnN0biUyMiUyMHdpZHRoJTNEJTIyNjAwJTIyJTIwaGVpZ2h0JTNEJTIyNDUwJTIyJTIwZnJhbWVib3JkZXIlM0QlMjIwJTIyJTIwc3R5bGUlM0QlMjJib3JkZXIlM0EwJTNCJTIyJTIwYWxsb3dmdWxsc2NyZWVuJTNEJTIyJTIyJTNFJTNDJTJGaWZyYW1lJTNF&#8221;][wgl_spacing spacer_size=&#8221;40px&#8221; responsive_desktop=&#8221;true&#8221; responsive_tablet=&#8221;true&#8221; responsive_mobile=&#8221;true&#8221;][\/vc_column][\/vc_row]\n","protected":false},"excerpt":{"rendered":"<p>[vc_row][vc_column width=&#8221;1\/2&#8243;][wgl_double_headings title_color=&#8221;#252525&#8243; subtitle_color=&#8221;#ff7d00&#8243; title=&#8221;Entrez en contact&#8221;][wgl_spacing spacer_size=&#8221;20px&#8221;][wgl_custom_text font_size=&#8221;18&#8243;]Quelque soit votre requ\u00eate n\u2019h\u00e9sitez pas \u00e0 revenir vers nous pour demander un devis et prendre en charge votre projet. La demande sera trait\u00e9e dans les meilleurs d\u00e9lais par un membre de notre \u00e9quipe afin de vous donner un feed-back rapide .[\/wgl_custom_text][wgl_spacing spacer_size=&#8221;26&#8243;][wgl_info_box ib_layout=&#8221;left&#8221; icon_type=&#8221;font&#8221; icon_font_type=&#8221;type_flaticon&#8221; icon_flaticon=&#8221;flaticon-map&#8221; [&hellip;]<\/p>\n","protected":false},"author":1,"featured_media":0,"parent":0,"menu_order":0,"comment_status":"closed","ping_status":"closed","template":"","meta":{"content-type":"","footnotes":""},"class_list":["post-450","page","type-page","status-publish","hentry"],"_links":{"self":[{"href":"https:\/\/myscalelab.com\/index.php\/wp-json\/wp\/v2\/pages\/450","targetHints":{"allow":["GET"]}}],"collection":[{"href":"https:\/\/myscalelab.com\/index.php\/wp-json\/wp\/v2\/pages"}],"about":[{"href":"https:\/\/myscalelab.com\/index.php\/wp-json\/wp\/v2\/types\/page"}],"author":[{"embeddable":true,"href":"https:\/\/myscalelab.com\/index.php\/wp-json\/wp\/v2\/users\/1"}],"replies":[{"embeddable":true,"href":"https:\/\/myscalelab.com\/index.php\/wp-json\/wp\/v2\/comments?post=450"}],"version-history":[{"count":30,"href":"https:\/\/myscalelab.com\/index.php\/wp-json\/wp\/v2\/pages\/450\/revisions"}],"predecessor-version":[{"id":3018,"href":"https:\/\/myscalelab.com\/index.php\/wp-json\/wp\/v2\/pages\/450\/revisions\/3018"}],"wp:attachment":[{"href":"https:\/\/myscalelab.com\/index.php\/wp-json\/wp\/v2\/media?parent=450"}],"curies":[{"name":"wp","href":"https:\/\/api.w.org\/{rel}","templated":true}]}}