{"id":2682,"date":"2020-06-29T15:54:47","date_gmt":"2020-06-29T13:54:47","guid":{"rendered":"https:\/\/myscalelab.com\/?post_type=product&#038;p=2682"},"modified":"2022-03-06T00:37:26","modified_gmt":"2022-03-05T23:37:26","slug":"scalable","status":"publish","type":"product","link":"https:\/\/myscalelab.com\/index.php\/product\/scalable\/","title":{"rendered":"SCAL&#8217;ABLE"},"content":{"rendered":"<p><strong>Grace \u00e0 ce Kit du Coach, vous pourrez :<\/strong><\/p>\n<ul>\n<li>Rapprocher les \u00e9quipes de d\u00e9veloppement et de production<\/li>\n<li>Cr\u00e9er un consensus en \u00ab\u00a0Ludifiant\u00a0\u00bb votre mise \u00e0 l\u2019\u00e9chelle<\/li>\n<li>Optimisez la construction de vos pipelines CI\/CD<\/li>\n<li style=\"font-weight: inherit; font-style: inherit;\">Conna\u00eetre la maturit\u00e9 de vos \u00e9quipes et leur donner une trajectoire<\/li>\n<li style=\"font-weight: inherit; font-style: inherit;\">Faciliter l\u2019animation des instances Agiles &amp; Lean<\/li>\n<li>Trouver un bon \u00e9quilibre entre acculturation et excellence op\u00e9rationnelle<\/li>\n<li>Adapter votre delivery \u00e0 vos enjeux terrain<\/li>\n<li style=\"font-weight: inherit; font-style: inherit;\">D\u00e9velopper une posture de Coach en toutes situations<\/li>\n<\/ul>\n<p>Pour recevoir un coffret en avant premi\u00e8re, n\u2019attendez plus et souscrivez \u00e0 la pr\u00e9vente.<\/p>\n","protected":false},"excerpt":{"rendered":"<p><img loading=\"lazy\" decoding=\"async\" class=\"alignnone size-full wp-image-2658\" src=\"https:\/\/myscalelab.com\/wp-content\/uploads\/2020\/06\/Scalable-Kit-du-Coach-1.jpg\" alt=\"\" width=\"1607\" height=\"1080\" srcset=\"https:\/\/myscalelab.com\/wp-content\/uploads\/2020\/06\/Scalable-Kit-du-Coach-1.jpg 1607w, https:\/\/myscalelab.com\/wp-content\/uploads\/2020\/06\/Scalable-Kit-du-Coach-1-300x202.jpg 300w, https:\/\/myscalelab.com\/wp-content\/uploads\/2020\/06\/Scalable-Kit-du-Coach-1-768x516.jpg 768w, https:\/\/myscalelab.com\/wp-content\/uploads\/2020\/06\/Scalable-Kit-du-Coach-1-1024x688.jpg 1024w, https:\/\/myscalelab.com\/wp-content\/uploads\/2020\/06\/Scalable-Kit-du-Coach-1-1080x726.jpg 1080w\" sizes=\"auto, (max-width: 1607px) 100vw, 1607px\" \/><\/p>\n","protected":false},"featured_media":2658,"comment_status":"open","ping_status":"closed","template":"","meta":{"content-type":""},"product_cat":[90,86,59,89,88,87],"product_tag":[],"class_list":["post-2682","product","type-product","status-publish","has-post-thumbnail","hentry","product_cat-agile","product_cat-cloud","product_cat-devops","product_cat-event-management","product_cat-learning","product_cat-security"],"_links":{"self":[{"href":"https:\/\/myscalelab.com\/index.php\/wp-json\/wp\/v2\/product\/2682","targetHints":{"allow":["GET"]}}],"collection":[{"href":"https:\/\/myscalelab.com\/index.php\/wp-json\/wp\/v2\/product"}],"about":[{"href":"https:\/\/myscalelab.com\/index.php\/wp-json\/wp\/v2\/types\/product"}],"replies":[{"embeddable":true,"href":"https:\/\/myscalelab.com\/index.php\/wp-json\/wp\/v2\/comments?post=2682"}],"wp:featuredmedia":[{"embeddable":true,"href":"https:\/\/myscalelab.com\/index.php\/wp-json\/wp\/v2\/media\/2658"}],"wp:attachment":[{"href":"https:\/\/myscalelab.com\/index.php\/wp-json\/wp\/v2\/media?parent=2682"}],"wp:term":[{"taxonomy":"product_cat","embeddable":true,"href":"https:\/\/myscalelab.com\/index.php\/wp-json\/wp\/v2\/product_cat?post=2682"},{"taxonomy":"product_tag","embeddable":true,"href":"https:\/\/myscalelab.com\/index.php\/wp-json\/wp\/v2\/product_tag?post=2682"}],"curies":[{"name":"wp","href":"https:\/\/api.w.org\/{rel}","templated":true}]}}