{"id":2907,"date":"2022-03-05T15:29:51","date_gmt":"2022-03-05T14:29:51","guid":{"rendered":"https:\/\/myscalelab.com\/?post_type=product&#038;p=2907"},"modified":"2022-03-06T00:54:21","modified_gmt":"2022-03-05T23:54:21","slug":"premium","status":"publish","type":"product","link":"https:\/\/myscalelab.com\/index.php\/product\/premium\/","title":{"rendered":"Pack Premium"},"content":{"rendered":"<p><strong>Ce Pack Premium comprend :<\/strong><\/p>\n<ul>\n<li>Un acc\u00e8s VIP \u00e0 notre plateforme d&#8217;interm\u00e9diation Scaly<\/li>\n<li>Une gestion optimis\u00e9e de vos intercontrats<\/li>\n<li>D\u00e9posez vos propres contrats sur la plateforme<\/li>\n<li>Un acc\u00e8s premium \u00e0 nos espaces de travails pr\u00e9sentiels<\/li>\n<li style=\"font-weight: inherit; font-style: inherit;\">R\u00e9alisez vos campagnes de job dating en r\u00e9alit\u00e9 augment\u00e9e<\/li>\n<li>Multidiffusez vos opportunit\u00e9s gr\u00e2ce \u00e0 nos services<\/li>\n<li>La garantie d&#8217;avoir la meilleure place dans un Metaverse en pleine expansion<\/li>\n<li>Trouver un bon \u00e9quilibre entre acculturation et excellence op\u00e9rationnelle<\/li>\n<li style=\"font-weight: inherit; font-style: inherit;\">D\u00e9velopper votre activit\u00e9 sans contrainte et avec nos meilleurs experts conseils<\/li>\n<\/ul>\n<p>Pour r\u00e9server votre Pack Premium, il vous suffit de confirmer votre souscription. Vous serez imm\u00e9diatement contact\u00e9 par nos experts conseils pour vous accompagner.<\/p>\n","protected":false},"excerpt":{"rendered":"[caption id=\"attachment_2909\" align=\"alignnone\" width=\"7900\"]<img loading=\"lazy\" decoding=\"async\" class=\"size-full wp-image-2909\" src=\"https:\/\/myscalelab.com\/wp-content\/uploads\/2022\/03\/BOX-ESN-AGENCE.png\" alt=\"\" width=\"7900\" height=\"5267\" srcset=\"https:\/\/myscalelab.com\/wp-content\/uploads\/2022\/03\/BOX-ESN-AGENCE.png 7900w, https:\/\/myscalelab.com\/wp-content\/uploads\/2022\/03\/BOX-ESN-AGENCE-300x200.png 300w, https:\/\/myscalelab.com\/wp-content\/uploads\/2022\/03\/BOX-ESN-AGENCE-768x512.png 768w, https:\/\/myscalelab.com\/wp-content\/uploads\/2022\/03\/BOX-ESN-AGENCE-1024x683.png 1024w, https:\/\/myscalelab.com\/wp-content\/uploads\/2022\/03\/BOX-ESN-AGENCE-100x67.png 100w, https:\/\/myscalelab.com\/wp-content\/uploads\/2022\/03\/BOX-ESN-AGENCE-1080x720.png 1080w\" sizes=\"auto, (max-width: 7900px) 100vw, 7900px\" \/> Scaly VIP Access[\/caption]\n","protected":false},"featured_media":2909,"comment_status":"open","ping_status":"closed","template":"","meta":{"content-type":""},"product_cat":[94,99,98,93,97,96,92,91,95],"product_tag":[],"class_list":["post-2907","product","type-product","status-publish","has-post-thumbnail","hentry","product_cat-augmented-reality","product_cat-blockchain","product_cat-contract-management","product_cat-coworking","product_cat-intercontrat","product_cat-metaverse","product_cat-multidiffusion","product_cat-scaly","product_cat-virtual"],"_links":{"self":[{"href":"https:\/\/myscalelab.com\/index.php\/wp-json\/wp\/v2\/product\/2907","targetHints":{"allow":["GET"]}}],"collection":[{"href":"https:\/\/myscalelab.com\/index.php\/wp-json\/wp\/v2\/product"}],"about":[{"href":"https:\/\/myscalelab.com\/index.php\/wp-json\/wp\/v2\/types\/product"}],"replies":[{"embeddable":true,"href":"https:\/\/myscalelab.com\/index.php\/wp-json\/wp\/v2\/comments?post=2907"}],"wp:featuredmedia":[{"embeddable":true,"href":"https:\/\/myscalelab.com\/index.php\/wp-json\/wp\/v2\/media\/2909"}],"wp:attachment":[{"href":"https:\/\/myscalelab.com\/index.php\/wp-json\/wp\/v2\/media?parent=2907"}],"wp:term":[{"taxonomy":"product_cat","embeddable":true,"href":"https:\/\/myscalelab.com\/index.php\/wp-json\/wp\/v2\/product_cat?post=2907"},{"taxonomy":"product_tag","embeddable":true,"href":"https:\/\/myscalelab.com\/index.php\/wp-json\/wp\/v2\/product_tag?post=2907"}],"curies":[{"name":"wp","href":"https:\/\/api.w.org\/{rel}","templated":true}]}}