{"id":2917,"date":"2022-03-05T17:53:04","date_gmt":"2022-03-05T16:53:04","guid":{"rendered":"https:\/\/myscalelab.com\/?post_type=product&#038;p=2917"},"modified":"2025-06-02T14:36:25","modified_gmt":"2025-06-02T12:36:25","slug":"pack-qualiopi","status":"publish","type":"product","link":"https:\/\/myscalelab.com\/index.php\/product\/pack-qualiopi\/","title":{"rendered":"Pack Qualiopi"},"content":{"rendered":"<p><strong>Ce Pack Qualiopi comprend :<\/strong><\/p>\n<ul>\n<li>Un acc\u00e8s Instructeur pour g\u00e9rer votre \u00e9quipe de formateurs, coachs et apprenants<\/li>\n<li><span style=\"font-size: 16px;\">Notre service de Facturation int\u00e9gr\u00e9<\/span><\/li>\n<li>Automatisez la cr\u00e9ation de vos propres contrats<\/li>\n<li><span style=\"font-size: 16px;\">Automatisez le suivi des apprenants en formation<\/span><\/li>\n<li><span style=\"font-size: 16px;\">Automatisez le d\u00e9marchage des OPCO et de vos remboursements<\/span><\/li>\n<li><span style=\"font-size: 16px;\">T\u00e9l\u00e9d\u00e9clarez vos r\u00e9sultats annuels<\/span><\/li>\n<li>D\u00e9posez vos formations et enregistrez vos parcours dans le r\u00e9f\u00e9rentiel national<\/li>\n<li>Editez vos bilan p\u00e9dagogiques<\/li>\n<li>Accr\u00e9ditation Qualiopi (100% de r\u00e9ussite)<\/li>\n<li><span style=\"font-size: 16px;\">Nos Coworking disponibles et \u00e0 proximit\u00e9<\/span><\/li>\n<li>Acc\u00e9l\u00e9rez votre souscription et b\u00e9n\u00e9ficiez d&#8217;un accompagnement personnalis\u00e9<\/li>\n<\/ul>\n<p>Pour r\u00e9server votre Pack Qualiopi, il vous suffit de confirmer votre souscription. Vous serez contact\u00e9s sans plus attendre par nos experts conseils pour vous aider \u00e0 obtenir l&#8217;accr\u00e9ditation Qualiopi.<\/p>\n","protected":false},"excerpt":{"rendered":"[caption id=\"attachment_2916\" align=\"alignnone\" width=\"7900\"]<img loading=\"lazy\" decoding=\"async\" class=\"size-full wp-image-2916\" src=\"https:\/\/myscalelab.com\/wp-content\/uploads\/2022\/03\/FREELANCE-Kit-Qualiopi_.png\" alt=\"Scaly Instructor Access\" width=\"7900\" height=\"5267\" srcset=\"https:\/\/myscalelab.com\/wp-content\/uploads\/2022\/03\/FREELANCE-Kit-Qualiopi_.png 7900w, https:\/\/myscalelab.com\/wp-content\/uploads\/2022\/03\/FREELANCE-Kit-Qualiopi_-300x200.png 300w, https:\/\/myscalelab.com\/wp-content\/uploads\/2022\/03\/FREELANCE-Kit-Qualiopi_-768x512.png 768w, https:\/\/myscalelab.com\/wp-content\/uploads\/2022\/03\/FREELANCE-Kit-Qualiopi_-1024x683.png 1024w, https:\/\/myscalelab.com\/wp-content\/uploads\/2022\/03\/FREELANCE-Kit-Qualiopi_-100x67.png 100w, https:\/\/myscalelab.com\/wp-content\/uploads\/2022\/03\/FREELANCE-Kit-Qualiopi_-1080x720.png 1080w\" sizes=\"auto, (max-width: 7900px) 100vw, 7900px\" \/> Scaly Instructor Access[\/caption]\n","protected":false},"featured_media":2916,"comment_status":"open","ping_status":"closed","template":"","meta":{"content-type":""},"product_cat":[94,99,98,93,97,96,92,91,95],"product_tag":[],"class_list":["post-2917","product","type-product","status-publish","has-post-thumbnail","hentry","product_cat-augmented-reality","product_cat-blockchain","product_cat-contract-management","product_cat-coworking","product_cat-intercontrat","product_cat-metaverse","product_cat-multidiffusion","product_cat-scaly","product_cat-virtual"],"_links":{"self":[{"href":"https:\/\/myscalelab.com\/index.php\/wp-json\/wp\/v2\/product\/2917","targetHints":{"allow":["GET"]}}],"collection":[{"href":"https:\/\/myscalelab.com\/index.php\/wp-json\/wp\/v2\/product"}],"about":[{"href":"https:\/\/myscalelab.com\/index.php\/wp-json\/wp\/v2\/types\/product"}],"replies":[{"embeddable":true,"href":"https:\/\/myscalelab.com\/index.php\/wp-json\/wp\/v2\/comments?post=2917"}],"wp:featuredmedia":[{"embeddable":true,"href":"https:\/\/myscalelab.com\/index.php\/wp-json\/wp\/v2\/media\/2916"}],"wp:attachment":[{"href":"https:\/\/myscalelab.com\/index.php\/wp-json\/wp\/v2\/media?parent=2917"}],"wp:term":[{"taxonomy":"product_cat","embeddable":true,"href":"https:\/\/myscalelab.com\/index.php\/wp-json\/wp\/v2\/product_cat?post=2917"},{"taxonomy":"product_tag","embeddable":true,"href":"https:\/\/myscalelab.com\/index.php\/wp-json\/wp\/v2\/product_tag?post=2917"}],"curies":[{"name":"wp","href":"https:\/\/api.w.org\/{rel}","templated":true}]}}