{"id":2920,"date":"2022-03-05T18:03:48","date_gmt":"2022-03-05T17:03:48","guid":{"rendered":"https:\/\/myscalelab.com\/?post_type=product&#038;p=2920"},"modified":"2022-03-05T22:00:12","modified_gmt":"2022-03-05T21:00:12","slug":"scale-pack-basic","status":"publish","type":"product","link":"https:\/\/myscalelab.com\/index.php\/product\/scale-pack-basic\/","title":{"rendered":"SCALE &#8211; Pack Basic"},"content":{"rendered":"<p><strong>Ce Pack Basic comprend :<\/strong><\/p>\n<ul>\n<li>Un Coaching Agile<\/li>\n<li>La ludification de des ateliers de Serious Gaming<\/li>\n<li>L&#8217;audit d&#8217;\u00e9quipe<\/li>\n<li>La meilleure d\u00e9marche SysOps<\/li>\n<li>Active Directory management<\/li>\n<li>L&#8217;automatisation de vos Tests<\/li>\n<li>les meilleurs pratiques de Build &amp; Run<\/li>\n<li>L&#8217;application du Lean Management pour fluidifier vos processus<\/li>\n<li>Une analyse de la maturit\u00e9 sur une th\u00e9matique (ex: DevOps, etc).<\/li>\n<li>Un support personnalis\u00e9 : 24\/7 Feedback<\/li>\n<li style=\"font-weight: inherit; font-style: inherit;\">D\u00e9veloppez la Scalabilit\u00e9 de votre syst\u00e8me d&#8217;information avec nos meilleurs experts<\/li>\n<\/ul>\n<p>Pour r\u00e9server votre Pack Basic, il vous suffit de confirmer votre souscription. Vous serez imm\u00e9diatement contact\u00e9 par nos experts techniques pour vous accompagner.<\/p>\n","protected":false},"excerpt":{"rendered":"[caption id=\"attachment_2921\" align=\"alignnone\" width=\"7900\"]<img loading=\"lazy\" decoding=\"async\" class=\"size-full wp-image-2921\" src=\"https:\/\/myscalelab.com\/wp-content\/uploads\/2022\/03\/BOX-BASIC-SCALE.png\" alt=\"SCALE - Offre Basic\" width=\"7900\" height=\"5267\" srcset=\"https:\/\/myscalelab.com\/wp-content\/uploads\/2022\/03\/BOX-BASIC-SCALE.png 7900w, https:\/\/myscalelab.com\/wp-content\/uploads\/2022\/03\/BOX-BASIC-SCALE-300x200.png 300w, https:\/\/myscalelab.com\/wp-content\/uploads\/2022\/03\/BOX-BASIC-SCALE-768x512.png 768w, https:\/\/myscalelab.com\/wp-content\/uploads\/2022\/03\/BOX-BASIC-SCALE-1024x683.png 1024w, https:\/\/myscalelab.com\/wp-content\/uploads\/2022\/03\/BOX-BASIC-SCALE-100x67.png 100w, https:\/\/myscalelab.com\/wp-content\/uploads\/2022\/03\/BOX-BASIC-SCALE-1080x720.png 1080w\" sizes=\"auto, (max-width: 7900px) 100vw, 7900px\" \/> SCALE &#8211; Offre Basic[\/caption]\n","protected":false},"featured_media":2921,"comment_status":"open","ping_status":"closed","template":"","meta":{"content-type":""},"product_cat":[90,86,88,100],"product_tag":[],"class_list":["post-2920","product","type-product","status-publish","has-post-thumbnail","hentry","product_cat-agile","product_cat-cloud","product_cat-learning","product_cat-scale"],"_links":{"self":[{"href":"https:\/\/myscalelab.com\/index.php\/wp-json\/wp\/v2\/product\/2920","targetHints":{"allow":["GET"]}}],"collection":[{"href":"https:\/\/myscalelab.com\/index.php\/wp-json\/wp\/v2\/product"}],"about":[{"href":"https:\/\/myscalelab.com\/index.php\/wp-json\/wp\/v2\/types\/product"}],"replies":[{"embeddable":true,"href":"https:\/\/myscalelab.com\/index.php\/wp-json\/wp\/v2\/comments?post=2920"}],"wp:featuredmedia":[{"embeddable":true,"href":"https:\/\/myscalelab.com\/index.php\/wp-json\/wp\/v2\/media\/2921"}],"wp:attachment":[{"href":"https:\/\/myscalelab.com\/index.php\/wp-json\/wp\/v2\/media?parent=2920"}],"wp:term":[{"taxonomy":"product_cat","embeddable":true,"href":"https:\/\/myscalelab.com\/index.php\/wp-json\/wp\/v2\/product_cat?post=2920"},{"taxonomy":"product_tag","embeddable":true,"href":"https:\/\/myscalelab.com\/index.php\/wp-json\/wp\/v2\/product_tag?post=2920"}],"curies":[{"name":"wp","href":"https:\/\/api.w.org\/{rel}","templated":true}]}}