{"id":2924,"date":"2022-03-05T18:24:27","date_gmt":"2022-03-05T17:24:27","guid":{"rendered":"https:\/\/myscalelab.com\/?post_type=product&#038;p=2924"},"modified":"2025-06-03T08:27:03","modified_gmt":"2025-06-03T06:27:03","slug":"scale-pack-ultra","status":"publish","type":"product","link":"https:\/\/myscalelab.com\/index.php\/product\/scale-pack-ultra\/","title":{"rendered":"SCALE &#8211; Pack Ultra"},"content":{"rendered":"<p><strong>Ce Pack Ultra comprend :<\/strong><\/p>\n<ul>\n<li>Un Coaching Professionnel sur la th\u00e9matique de votre choix<\/li>\n<li>Nos conseils Cloud avis\u00e9s (DevOps, FinOps, SecOps, DataOps, etc).<\/li>\n<li>L&#8217;analyse de votre adoption aux services &#8220;Cloud Compute&#8221; et vos choix de Cloud Services Provider<\/li>\n<li>L&#8217;analyse de votre adoption aux services &#8220;Network&#8221;<\/li>\n<li>L&#8217;analyse de votre adoption aux services &#8220;Storage&#8221;<\/li>\n<li>L&#8217;audit de vuln\u00e9rabilit\u00e9s (Pen Testing, SAST, DAST etc.)<\/li>\n<li>Se pr\u00e9munir contre les cyberattaques et rem\u00e9diation des syst\u00e8mes<\/li>\n<li>Un accompagnement dans votre parcours de formation<\/li>\n<li>Auto scalling de votre infrastructure<\/li>\n<li>Gestion des changements dans vos nouveaux usages en mati\u00e8re d&#8217;infrastructure<\/li>\n<li>Un Support optimis\u00e9 24\/7<\/li>\n<li style=\"font-weight: inherit; font-style: inherit;\">D\u00e9veloppez la Scalabilit\u00e9 de votre syst\u00e8me d&#8217;information avec nos meilleurs experts<\/li>\n<\/ul>\n<p>Pour r\u00e9server votre Pack Ultra, il vous suffit de confirmer votre souscription. Vous serez imm\u00e9diatement contact\u00e9 par nos experts techniques et conseil pour vous accompagner.<\/p>\n","protected":false},"excerpt":{"rendered":"[caption id=\"attachment_2925\" align=\"alignnone\" width=\"7900\"]<img loading=\"lazy\" decoding=\"async\" class=\"size-full wp-image-2925\" src=\"https:\/\/myscalelab.com\/wp-content\/uploads\/2022\/03\/BOX-ULTRA-SCALE_.png\" alt=\"SCALE - Pack Ultra\" width=\"7900\" height=\"5267\" srcset=\"https:\/\/myscalelab.com\/wp-content\/uploads\/2022\/03\/BOX-ULTRA-SCALE_.png 7900w, https:\/\/myscalelab.com\/wp-content\/uploads\/2022\/03\/BOX-ULTRA-SCALE_-300x200.png 300w, https:\/\/myscalelab.com\/wp-content\/uploads\/2022\/03\/BOX-ULTRA-SCALE_-768x512.png 768w, https:\/\/myscalelab.com\/wp-content\/uploads\/2022\/03\/BOX-ULTRA-SCALE_-1024x683.png 1024w, https:\/\/myscalelab.com\/wp-content\/uploads\/2022\/03\/BOX-ULTRA-SCALE_-100x67.png 100w, https:\/\/myscalelab.com\/wp-content\/uploads\/2022\/03\/BOX-ULTRA-SCALE_-1080x720.png 1080w\" sizes=\"auto, (max-width: 7900px) 100vw, 7900px\" \/> SCALE &#8211; Pack Ultra[\/caption]\n","protected":false},"featured_media":2925,"comment_status":"open","ping_status":"closed","template":"","meta":{"content-type":""},"product_cat":[86,101,59,102,88,100,103],"product_tag":[],"class_list":["post-2924","product","type-product","status-publish","has-post-thumbnail","hentry","product_cat-cloud","product_cat-dataops","product_cat-devops","product_cat-finops","product_cat-learning","product_cat-scale","product_cat-secops"],"_links":{"self":[{"href":"https:\/\/myscalelab.com\/index.php\/wp-json\/wp\/v2\/product\/2924","targetHints":{"allow":["GET"]}}],"collection":[{"href":"https:\/\/myscalelab.com\/index.php\/wp-json\/wp\/v2\/product"}],"about":[{"href":"https:\/\/myscalelab.com\/index.php\/wp-json\/wp\/v2\/types\/product"}],"replies":[{"embeddable":true,"href":"https:\/\/myscalelab.com\/index.php\/wp-json\/wp\/v2\/comments?post=2924"}],"wp:featuredmedia":[{"embeddable":true,"href":"https:\/\/myscalelab.com\/index.php\/wp-json\/wp\/v2\/media\/2925"}],"wp:attachment":[{"href":"https:\/\/myscalelab.com\/index.php\/wp-json\/wp\/v2\/media?parent=2924"}],"wp:term":[{"taxonomy":"product_cat","embeddable":true,"href":"https:\/\/myscalelab.com\/index.php\/wp-json\/wp\/v2\/product_cat?post=2924"},{"taxonomy":"product_tag","embeddable":true,"href":"https:\/\/myscalelab.com\/index.php\/wp-json\/wp\/v2\/product_tag?post=2924"}],"curies":[{"name":"wp","href":"https:\/\/api.w.org\/{rel}","templated":true}]}}